{"id":99652,"date":"2020-08-28T10:52:01","date_gmt":"2020-08-28T08:52:01","guid":{"rendered":"http:\/\/latelierdesprofessionnels.com\/?page_id=99652"},"modified":"2020-08-28T10:55:18","modified_gmt":"2020-08-28T08:55:18","slug":"mentions-legales","status":"publish","type":"page","link":"https:\/\/latelierdesprofessionnels.com\/index.php\/mentions-legales\/","title":{"rendered":"Mentions l\u00e9gales"},"content":{"rendered":"\n<p><strong>INFORMATIONS DE L&rsquo;EDITEUR<\/strong><\/p>\n\n\n\n<p><strong>Propri\u00e9taire du site&nbsp;: <\/strong>L&rsquo;Atelier des Professionnels<\/p>\n\n\n\n<p><strong>Capital :<\/strong>&nbsp;1000 euros<\/p>\n\n\n\n<p><strong>Adresse du si\u00e8ge social :<\/strong> SARL L&rsquo;Atelier des Professionnels &#8211;  Port 4112 &#8211; contour du Loopersfort 59279 CRAYWICK, FRANCE<\/p>\n\n\n\n<p><strong>T\u00e9l\u00e9phone :<\/strong>&nbsp;03.28.61.59.19<\/p>\n\n\n\n<p><strong>E-mail :<\/strong>&nbsp;ladp@latelierdesprofessionnels.com<\/p>\n\n\n\n<p><strong>Num\u00e9ro de TVA intracommunautaire :<\/strong>&nbsp;FR28 880197082<\/p>\n\n\n\n<p><strong>H\u00e9bergement&nbsp;:<\/strong> OVH &#8211; 2 rue Kellermann 59 100 Roubaix, France<\/p>\n\n\n\n<p><strong>Directeur de la publication :<\/strong>&nbsp;Monsieur C\u00e9dric Smee<\/p>\n\n\n\n<p><strong>Contenus<\/strong><\/p>\n\n\n\n<p>Les documents normatifs reproduits sur le site sont diffus\u00e9s \u00e0 titre informatif et ne sauraient engager l&rsquo;Atelier des Professionnels, sauf exception des actes dont il est l\u2019auteur. Le contenu du site peut faire l\u2019objet de modifications, mises \u00e0 jour ou suppressions sans avertissement pr\u00e9alable.<\/p>\n\n\n\n<p><strong>Protection des informations personnelles<\/strong><\/p>\n\n\n\n<p>Aucune information personnelle n\u2019est collect\u00e9e \u00e0 l\u2019insu des utilisateurs du site. Aucune information personnelle n\u2019est c\u00e9d\u00e9e \u00e0 des tiers par l&rsquo;Atelier des Professionnels. Les messages \u00e9lectroniques envoy\u00e9s au webmaster, les adresses \u00e9lectroniques et autres informations nominatives dont l&rsquo;Atelier des Professionnels serait destinataire via ce site (demande d&rsquo;informations, contact des agences) ne sont pas conserv\u00e9es et ne font l\u2019objet d\u2019aucune exploitation.<\/p>\n\n\n\n<p><strong>Reproduction totale ou partielle<\/strong><\/p>\n\n\n\n<p>Conform\u00e9ment aux dispositions de l\u2019article L122-4 du Code de la Propri\u00e9t\u00e9 Intellectuelle : \u00ab\u00a0toute repr\u00e9sentation ou reproduction int\u00e9grale ou partielle, traduction, adaptation, transformation, arrangement d&rsquo;une oeuvre r\u00e9alis\u00e9e sans le consentement de l&rsquo;auteur est illicite\u00a0\u00bb. Ainsi, il est permis aux utilisateurs de t\u00e9l\u00e9charger ou d\u2019imprimer les informations provenant de ce site, \u00e0 condition que l&rsquo;Atelier des Professionnels soit express\u00e9ment cit\u00e9 en qualit\u00e9 d\u2019auteur de ces informations. Il est interdit aux utilisateurs, sous peine de poursuites judiciaires, de distribuer, reproduire, commercialiser sous forme originale ou d\u00e9riv\u00e9e le contenu de ce site.<\/p>\n\n\n\n<p><strong>Responsabilit\u00e9<\/strong><\/p>\n\n\n\n<p>L\u2019utilisateur du site est seul responsable des dommages pouvant r\u00e9sulter de l\u2019utilisation qu\u2019il fait des informations et donn\u00e9es diffus\u00e9es sur ce site. L&rsquo;Atelier des Professionnels ne saurait non plus \u00eatre responsable de tout contenu dont il ne serait pas \u00e0 l\u2019origine.<\/p>\n\n\n\n<p><strong>Loi informatique, fichiers et libert\u00e9s<\/strong><\/p>\n\n\n\n<p>Conform\u00e9ment \u00e0 la loi fran\u00e7aise \u00ab\u00a0Informatique et libert\u00e9s\u00a0\u00bb n\u00b078-17 du 6 janvier 1978, vous disposez d&rsquo;un droit d&rsquo;acc\u00e8s et de rectification aux donn\u00e9es vous concernant et vous pouvez exercer ce droit en envoyant un courrier \u00e0 l&rsquo;adresse suivante : L&rsquo;Atelier des Professionnels &#8211; Port 4112 &#8211; contour du Loopersfort 59279 CRAYWICK, FRANCE<\/p>\n","protected":false},"excerpt":{"rendered":"<p>INFORMATIONS DE L&rsquo;EDITEUR Propri\u00e9taire du site&nbsp;: L&rsquo;Atelier des Professionnels Capital :&nbsp;1000 euros Adresse du si\u00e8ge social : SARL L&rsquo;Atelier des Professionnels &#8211; Port 4112 &#8211; contour du Loopersfort 59279 CRAYWICK, FRANCE T\u00e9l\u00e9phone :&nbsp;03.28.61.59.19 E-mail :&nbsp;ladp@latelierdesprofessionnels.com Num\u00e9ro de TVA intracommunautaire :&nbsp;FR28 880197082 H\u00e9bergement&nbsp;: OVH &#8211; 2 rue Kellermann 59 100 Roubaix, France Directeur de la publication :&nbsp;Monsieur C\u00e9dric Smee Contenus Les documents normatifs reproduits sur le site sont diffus\u00e9s \u00e0 titre informatif et ne sauraient engager l&rsquo;Atelier des Professionnels, sauf exception des actes dont il est l\u2019auteur. Le contenu du site peut faire l\u2019objet de modifications, mises \u00e0 jour ou suppressions sans avertissement pr\u00e9alable. Protection des informations personnelles Aucune information personnelle n\u2019est collect\u00e9e \u00e0 l\u2019insu des utilisateurs du site. Aucune information personnelle n\u2019est c\u00e9d\u00e9e \u00e0 des tiers par l&rsquo;Atelier des Professionnels. Les messages \u00e9lectroniques envoy\u00e9s au webmaster, les adresses \u00e9lectroniques et autres informations nominatives dont l&rsquo;Atelier des Professionnels serait destinataire via ce site (demande d&rsquo;informations, contact des agences) ne sont pas conserv\u00e9es et ne font l\u2019objet d\u2019aucune exploitation. Reproduction totale ou partielle Conform\u00e9ment aux dispositions de l\u2019article L122-4 du Code de la Propri\u00e9t\u00e9 Intellectuelle : \u00ab\u00a0toute repr\u00e9sentation ou reproduction int\u00e9grale ou partielle, traduction, adaptation, transformation, arrangement d&rsquo;une oeuvre r\u00e9alis\u00e9e sans le&#8230;<\/p>\n","protected":false},"author":4,"featured_media":99383,"parent":0,"menu_order":0,"comment_status":"closed","ping_status":"closed","template":"","meta":{"footnotes":""},"class_list":["post-99652","page","type-page","status-publish","has-post-thumbnail","hentry"],"yoast_head":"<!-- This site is optimized with the Yoast SEO plugin v25.5 - https:\/\/yoast.com\/wordpress\/plugins\/seo\/ -->\n<title>Mentions l\u00e9gales - L&#039;Atelier des Professionnels<\/title>\n<meta name=\"description\" content=\"L&#039;atelier des professionnels, masques 3 plis, masques 3 couches, masques type chirurgicaux; masques bec de cannard, masques KN95, v\u00eatement professionnels, EPI, \u00e9quipements de protection\" \/>\n<meta name=\"robots\" content=\"index, follow, max-snippet:-1, max-image-preview:large, max-video-preview:-1\" \/>\n<link rel=\"canonical\" href=\"https:\/\/latelierdesprofessionnels.com\/index.php\/mentions-legales\/\" \/>\n<meta property=\"og:locale\" content=\"fr_FR\" \/>\n<meta property=\"og:type\" content=\"article\" \/>\n<meta property=\"og:title\" content=\"Mentions l\u00e9gales - L&#039;Atelier des Professionnels\" \/>\n<meta property=\"og:description\" content=\"L&#039;atelier des professionnels, masques 3 plis, masques 3 couches, masques type chirurgicaux; masques bec de cannard, masques KN95, v\u00eatement professionnels, EPI, \u00e9quipements de protection\" \/>\n<meta property=\"og:url\" content=\"https:\/\/latelierdesprofessionnels.com\/index.php\/mentions-legales\/\" \/>\n<meta property=\"og:site_name\" content=\"L&#039;Atelier des Professionnels\" \/>\n<meta property=\"article:publisher\" content=\"https:\/\/www.facebook.com\/latelierdesprofessionnels\" \/>\n<meta property=\"article:modified_time\" content=\"2020-08-28T08:55:18+00:00\" \/>\n<meta property=\"og:image\" content=\"https:\/\/latelierdesprofessionnels.com\/wp-content\/uploads\/2020\/08\/3-1.png\" \/>\n\t<meta property=\"og:image:width\" content=\"1920\" \/>\n\t<meta property=\"og:image:height\" content=\"1100\" \/>\n\t<meta property=\"og:image:type\" content=\"image\/png\" \/>\n<meta name=\"twitter:card\" content=\"summary_large_image\" \/>\n<meta name=\"twitter:label1\" content=\"Dur\u00e9e de lecture estim\u00e9e\" \/>\n\t<meta name=\"twitter:data1\" content=\"2 minutes\" \/>\n<script type=\"application\/ld+json\" class=\"yoast-schema-graph\">{\"@context\":\"https:\/\/schema.org\",\"@graph\":[{\"@type\":\"WebPage\",\"@id\":\"https:\/\/latelierdesprofessionnels.com\/index.php\/mentions-legales\/\",\"url\":\"https:\/\/latelierdesprofessionnels.com\/index.php\/mentions-legales\/\",\"name\":\"Mentions l\u00e9gales - L&#039;Atelier des Professionnels\",\"isPartOf\":{\"@id\":\"https:\/\/latelierdesprofessionnels.com\/#website\"},\"primaryImageOfPage\":{\"@id\":\"https:\/\/latelierdesprofessionnels.com\/index.php\/mentions-legales\/#primaryimage\"},\"image\":{\"@id\":\"https:\/\/latelierdesprofessionnels.com\/index.php\/mentions-legales\/#primaryimage\"},\"thumbnailUrl\":\"https:\/\/latelierdesprofessionnels.com\/wp-content\/uploads\/2020\/08\/3-1.png\",\"datePublished\":\"2020-08-28T08:52:01+00:00\",\"dateModified\":\"2020-08-28T08:55:18+00:00\",\"description\":\"L'atelier des professionnels, masques 3 plis, masques 3 couches, masques type chirurgicaux; masques bec de cannard, masques KN95, v\u00eatement professionnels, EPI, \u00e9quipements de protection\",\"breadcrumb\":{\"@id\":\"https:\/\/latelierdesprofessionnels.com\/index.php\/mentions-legales\/#breadcrumb\"},\"inLanguage\":\"fr-FR\",\"potentialAction\":[{\"@type\":\"ReadAction\",\"target\":[\"https:\/\/latelierdesprofessionnels.com\/index.php\/mentions-legales\/\"]}]},{\"@type\":\"ImageObject\",\"inLanguage\":\"fr-FR\",\"@id\":\"https:\/\/latelierdesprofessionnels.com\/index.php\/mentions-legales\/#primaryimage\",\"url\":\"https:\/\/latelierdesprofessionnels.com\/wp-content\/uploads\/2020\/08\/3-1.png\",\"contentUrl\":\"https:\/\/latelierdesprofessionnels.com\/wp-content\/uploads\/2020\/08\/3-1.png\",\"width\":1920,\"height\":1100},{\"@type\":\"BreadcrumbList\",\"@id\":\"https:\/\/latelierdesprofessionnels.com\/index.php\/mentions-legales\/#breadcrumb\",\"itemListElement\":[{\"@type\":\"ListItem\",\"position\":1,\"name\":\"Accueil\",\"item\":\"https:\/\/latelierdesprofessionnels.com\/\"},{\"@type\":\"ListItem\",\"position\":2,\"name\":\"Mentions l\u00e9gales\"}]},{\"@type\":\"WebSite\",\"@id\":\"https:\/\/latelierdesprofessionnels.com\/#website\",\"url\":\"https:\/\/latelierdesprofessionnels.com\/\",\"name\":\"L&#039;Atelier des Professionnels\",\"description\":\"Des \u00e9quipements \u00e0 la hauteur de votre expertise !\",\"publisher\":{\"@id\":\"https:\/\/latelierdesprofessionnels.com\/#organization\"},\"potentialAction\":[{\"@type\":\"SearchAction\",\"target\":{\"@type\":\"EntryPoint\",\"urlTemplate\":\"https:\/\/latelierdesprofessionnels.com\/?s={search_term_string}\"},\"query-input\":{\"@type\":\"PropertyValueSpecification\",\"valueRequired\":true,\"valueName\":\"search_term_string\"}}],\"inLanguage\":\"fr-FR\"},{\"@type\":\"Organization\",\"@id\":\"https:\/\/latelierdesprofessionnels.com\/#organization\",\"name\":\"L'Atelier Des Professionnels\",\"url\":\"https:\/\/latelierdesprofessionnels.com\/\",\"logo\":{\"@type\":\"ImageObject\",\"inLanguage\":\"fr-FR\",\"@id\":\"https:\/\/latelierdesprofessionnels.com\/#\/schema\/logo\/image\/\",\"url\":\"https:\/\/latelierdesprofessionnels.com\/wp-content\/uploads\/2020\/04\/Logo-LADP.png\",\"contentUrl\":\"https:\/\/latelierdesprofessionnels.com\/wp-content\/uploads\/2020\/04\/Logo-LADP.png\",\"width\":2546,\"height\":2097,\"caption\":\"L'Atelier Des Professionnels\"},\"image\":{\"@id\":\"https:\/\/latelierdesprofessionnels.com\/#\/schema\/logo\/image\/\"},\"sameAs\":[\"https:\/\/www.facebook.com\/latelierdesprofessionnels\",\"https:\/\/www.linkedin.com\/company\/66702233\/admin\/\"]}]}<\/script>\n<!-- \/ Yoast SEO plugin. -->","yoast_head_json":{"title":"Mentions l\u00e9gales - L&#039;Atelier des Professionnels","description":"L'atelier des professionnels, masques 3 plis, masques 3 couches, masques type chirurgicaux; masques bec de cannard, masques KN95, v\u00eatement professionnels, EPI, \u00e9quipements de protection","robots":{"index":"index","follow":"follow","max-snippet":"max-snippet:-1","max-image-preview":"max-image-preview:large","max-video-preview":"max-video-preview:-1"},"canonical":"https:\/\/latelierdesprofessionnels.com\/index.php\/mentions-legales\/","og_locale":"fr_FR","og_type":"article","og_title":"Mentions l\u00e9gales - L&#039;Atelier des Professionnels","og_description":"L'atelier des professionnels, masques 3 plis, masques 3 couches, masques type chirurgicaux; masques bec de cannard, masques KN95, v\u00eatement professionnels, EPI, \u00e9quipements de protection","og_url":"https:\/\/latelierdesprofessionnels.com\/index.php\/mentions-legales\/","og_site_name":"L&#039;Atelier des Professionnels","article_publisher":"https:\/\/www.facebook.com\/latelierdesprofessionnels","article_modified_time":"2020-08-28T08:55:18+00:00","og_image":[{"width":1920,"height":1100,"url":"https:\/\/latelierdesprofessionnels.com\/wp-content\/uploads\/2020\/08\/3-1.png","type":"image\/png"}],"twitter_card":"summary_large_image","twitter_misc":{"Dur\u00e9e de lecture estim\u00e9e":"2 minutes"},"schema":{"@context":"https:\/\/schema.org","@graph":[{"@type":"WebPage","@id":"https:\/\/latelierdesprofessionnels.com\/index.php\/mentions-legales\/","url":"https:\/\/latelierdesprofessionnels.com\/index.php\/mentions-legales\/","name":"Mentions l\u00e9gales - L&#039;Atelier des Professionnels","isPartOf":{"@id":"https:\/\/latelierdesprofessionnels.com\/#website"},"primaryImageOfPage":{"@id":"https:\/\/latelierdesprofessionnels.com\/index.php\/mentions-legales\/#primaryimage"},"image":{"@id":"https:\/\/latelierdesprofessionnels.com\/index.php\/mentions-legales\/#primaryimage"},"thumbnailUrl":"https:\/\/latelierdesprofessionnels.com\/wp-content\/uploads\/2020\/08\/3-1.png","datePublished":"2020-08-28T08:52:01+00:00","dateModified":"2020-08-28T08:55:18+00:00","description":"L'atelier des professionnels, masques 3 plis, masques 3 couches, masques type chirurgicaux; masques bec de cannard, masques KN95, v\u00eatement professionnels, EPI, \u00e9quipements de protection","breadcrumb":{"@id":"https:\/\/latelierdesprofessionnels.com\/index.php\/mentions-legales\/#breadcrumb"},"inLanguage":"fr-FR","potentialAction":[{"@type":"ReadAction","target":["https:\/\/latelierdesprofessionnels.com\/index.php\/mentions-legales\/"]}]},{"@type":"ImageObject","inLanguage":"fr-FR","@id":"https:\/\/latelierdesprofessionnels.com\/index.php\/mentions-legales\/#primaryimage","url":"https:\/\/latelierdesprofessionnels.com\/wp-content\/uploads\/2020\/08\/3-1.png","contentUrl":"https:\/\/latelierdesprofessionnels.com\/wp-content\/uploads\/2020\/08\/3-1.png","width":1920,"height":1100},{"@type":"BreadcrumbList","@id":"https:\/\/latelierdesprofessionnels.com\/index.php\/mentions-legales\/#breadcrumb","itemListElement":[{"@type":"ListItem","position":1,"name":"Accueil","item":"https:\/\/latelierdesprofessionnels.com\/"},{"@type":"ListItem","position":2,"name":"Mentions l\u00e9gales"}]},{"@type":"WebSite","@id":"https:\/\/latelierdesprofessionnels.com\/#website","url":"https:\/\/latelierdesprofessionnels.com\/","name":"L&#039;Atelier des Professionnels","description":"Des \u00e9quipements \u00e0 la hauteur de votre expertise !","publisher":{"@id":"https:\/\/latelierdesprofessionnels.com\/#organization"},"potentialAction":[{"@type":"SearchAction","target":{"@type":"EntryPoint","urlTemplate":"https:\/\/latelierdesprofessionnels.com\/?s={search_term_string}"},"query-input":{"@type":"PropertyValueSpecification","valueRequired":true,"valueName":"search_term_string"}}],"inLanguage":"fr-FR"},{"@type":"Organization","@id":"https:\/\/latelierdesprofessionnels.com\/#organization","name":"L'Atelier Des Professionnels","url":"https:\/\/latelierdesprofessionnels.com\/","logo":{"@type":"ImageObject","inLanguage":"fr-FR","@id":"https:\/\/latelierdesprofessionnels.com\/#\/schema\/logo\/image\/","url":"https:\/\/latelierdesprofessionnels.com\/wp-content\/uploads\/2020\/04\/Logo-LADP.png","contentUrl":"https:\/\/latelierdesprofessionnels.com\/wp-content\/uploads\/2020\/04\/Logo-LADP.png","width":2546,"height":2097,"caption":"L'Atelier Des Professionnels"},"image":{"@id":"https:\/\/latelierdesprofessionnels.com\/#\/schema\/logo\/image\/"},"sameAs":["https:\/\/www.facebook.com\/latelierdesprofessionnels","https:\/\/www.linkedin.com\/company\/66702233\/admin\/"]}]}},"_links":{"self":[{"href":"https:\/\/latelierdesprofessionnels.com\/index.php\/wp-json\/wp\/v2\/pages\/99652","targetHints":{"allow":["GET"]}}],"collection":[{"href":"https:\/\/latelierdesprofessionnels.com\/index.php\/wp-json\/wp\/v2\/pages"}],"about":[{"href":"https:\/\/latelierdesprofessionnels.com\/index.php\/wp-json\/wp\/v2\/types\/page"}],"author":[{"embeddable":true,"href":"https:\/\/latelierdesprofessionnels.com\/index.php\/wp-json\/wp\/v2\/users\/4"}],"replies":[{"embeddable":true,"href":"https:\/\/latelierdesprofessionnels.com\/index.php\/wp-json\/wp\/v2\/comments?post=99652"}],"version-history":[{"count":3,"href":"https:\/\/latelierdesprofessionnels.com\/index.php\/wp-json\/wp\/v2\/pages\/99652\/revisions"}],"predecessor-version":[{"id":99655,"href":"https:\/\/latelierdesprofessionnels.com\/index.php\/wp-json\/wp\/v2\/pages\/99652\/revisions\/99655"}],"wp:featuredmedia":[{"embeddable":true,"href":"https:\/\/latelierdesprofessionnels.com\/index.php\/wp-json\/wp\/v2\/media\/99383"}],"wp:attachment":[{"href":"https:\/\/latelierdesprofessionnels.com\/index.php\/wp-json\/wp\/v2\/media?parent=99652"}],"curies":[{"name":"wp","href":"https:\/\/api.w.org\/{rel}","templated":true}]}}