{"id":100005,"date":"2020-09-14T12:00:35","date_gmt":"2020-09-14T10:00:35","guid":{"rendered":"http:\/\/latelierdesprofessionnels.com\/?post_type=product&#038;p=100005"},"modified":"2020-10-01T10:22:19","modified_gmt":"2020-10-01T08:22:19","slug":"polo-de-securite","status":"publish","type":"product","link":"https:\/\/latelierdesprofessionnels.com\/index.php\/produit\/polo-de-securite\/","title":{"rendered":"POLO DE S\u00c9CURIT\u00c9 FIONA"},"content":{"rendered":"<p><strong>Polo de s\u00e9curit\u00e9 noire FIONA<\/strong><\/p>\n<p class=\"p1\"><span class=\"s1\">Composition : 100% coton peign\u00e9, coton piqu\u00e9<span class=\"Apple-converted-space\">\u00a0<\/span><br \/>\n<\/span><\/p>\n<p><span class=\"s2\">Oeko tex 100\u00a0<\/span><\/p>\n<p><span class=\"s2\"><span class=\"s1\">Broderie noire de haute qualit\u00e9\u00a0 \u00a0\u00bb SECURITE \u00a0\u00bb sur bande grise rapport\u00e9e devant et dos<\/span><\/span><\/p>\n<p class=\"p1\"><span class=\"s1\">Bande de propret\u00e9 imprim\u00e9 \u00ab\u00a0L&rsquo;Atelier des Professionnels\u00a0\u00bb<\/span><\/p>\n<p class=\"p1\"><span class=\"s1\">Fentes<span class=\"Apple-converted-space\">\u00a0 <\/span>sur chaque cot\u00e9 du v\u00eatement<br \/>\n<\/span><\/p>\n<p class=\"p1\"><span class=\"s1\">Rib bas de manche et col polo<\/span><\/p>\n<p><span class=\"s1\">Col 2 boutons plastique ton sur ton<br \/>\n<\/span><\/p>\n<p class=\"p1\"><span class=\"s1\">Fermeture par 3 boutons noirs en plastiques<\/span><\/p>\n<p class=\"p1\"><span class=\"s1\">Ne d\u00e9teint pas<br \/>\nNe se d\u00e9forme pas au lavage<br \/>\nLavage \u00e0 40\u00b0 d\u00e9licat <\/span><\/p>\n<p class=\"p1\"><span class=\"s1\">Emball\u00e9 en plastique individuel<\/span><\/p>\n","protected":false},"excerpt":{"rendered":"<p><a href=\"http:\/\/latelierdesprofessionnels.com\/index.php\/contactez-nous\/\"><strong>DEMANDEZ UN DEVIS<\/strong><\/a><\/p>\n<hr \/>\n<p><strong>Polo de s\u00e9curit\u00e9 noir, bande grise<\/strong><\/p>\n<p>100% <span class=\"s1\">coton peign\u00e9,<\/span>\u00a0ce polo estival aux manches courtes est d\u00e9di\u00e9 aux agents de s\u00e9curit\u00e9.<\/p>\n<p>Broderie de qualit\u00e9 \u00ab\u00a0S\u00e9curit\u00e9\u00a0\u00bb apparent sur la poitrine, avec<span class=\"s1\"> une bande horizontale grise rapport\u00e9e devant et dans le dos.<\/span><\/p>\n<p class=\"p1\"><span class=\"s1\">Agr\u00e9able au toucher, ce polo homme est r\u00e9sistant aux lavages r\u00e9p\u00e9titifs.<\/span><\/p>\n<p class=\"p1\"><span class=\"s1\">Tailles disponibles : XS ,S, M, L, XL, 2XL,3XL,4XL<\/span><\/p>\n<p>&nbsp;<\/p>\n","protected":false},"featured_media":100007,"comment_status":"open","ping_status":"closed","template":"","meta":[],"product_cat":[62],"product_tag":[],"class_list":{"0":"post-100005","1":"product","2":"type-product","3":"status-publish","4":"has-post-thumbnail","6":"product_cat-securite","8":"first","9":"instock","10":"taxable","11":"shipping-taxable","12":"product-type-simple"},"yoast_head":"<!-- This site is optimized with the Yoast SEO plugin v25.5 - https:\/\/yoast.com\/wordpress\/plugins\/seo\/ -->\n<title>POLO DE S\u00c9CURIT\u00c9 FIONA - L&#039;Atelier des Professionnels<\/title>\n<meta name=\"robots\" content=\"index, follow, max-snippet:-1, max-image-preview:large, max-video-preview:-1\" \/>\n<link rel=\"canonical\" href=\"https:\/\/latelierdesprofessionnels.com\/index.php\/produit\/polo-de-securite\/\" \/>\n<meta property=\"og:locale\" content=\"fr_FR\" \/>\n<meta property=\"og:type\" content=\"article\" \/>\n<meta property=\"og:title\" content=\"POLO DE S\u00c9CURIT\u00c9 FIONA - L&#039;Atelier des Professionnels\" \/>\n<meta property=\"og:description\" content=\"DEMANDEZ UN DEVIS    Polo de s\u00e9curit\u00e9 noir, bande grise  100% coton peign\u00e9,\u00a0ce polo estival aux manches courtes est d\u00e9di\u00e9 aux agents de s\u00e9curit\u00e9.  Broderie de qualit\u00e9 &quot;S\u00e9curit\u00e9&quot; apparent sur la poitrine, avec une bande horizontale grise rapport\u00e9e devant et dans le dos. Agr\u00e9able au toucher, ce polo homme est r\u00e9sistant aux lavages r\u00e9p\u00e9titifs. Tailles disponibles : XS ,S, M, L, XL, 2XL,3XL,4XL &nbsp;\" \/>\n<meta property=\"og:url\" content=\"https:\/\/latelierdesprofessionnels.com\/index.php\/produit\/polo-de-securite\/\" \/>\n<meta property=\"og:site_name\" content=\"L&#039;Atelier des Professionnels\" \/>\n<meta property=\"article:publisher\" content=\"https:\/\/www.facebook.com\/latelierdesprofessionnels\" \/>\n<meta property=\"article:modified_time\" content=\"2020-10-01T08:22:19+00:00\" \/>\n<meta property=\"og:image\" content=\"https:\/\/latelierdesprofessionnels.com\/wp-content\/uploads\/2020\/09\/2-5.png\" \/>\n\t<meta property=\"og:image:width\" content=\"800\" \/>\n\t<meta property=\"og:image:height\" content=\"675\" \/>\n\t<meta property=\"og:image:type\" content=\"image\/png\" \/>\n<meta name=\"twitter:card\" content=\"summary_large_image\" \/>\n<script type=\"application\/ld+json\" class=\"yoast-schema-graph\">{\"@context\":\"https:\/\/schema.org\",\"@graph\":[{\"@type\":\"WebPage\",\"@id\":\"https:\/\/latelierdesprofessionnels.com\/index.php\/produit\/polo-de-securite\/\",\"url\":\"https:\/\/latelierdesprofessionnels.com\/index.php\/produit\/polo-de-securite\/\",\"name\":\"POLO DE S\u00c9CURIT\u00c9 FIONA - L&#039;Atelier des Professionnels\",\"isPartOf\":{\"@id\":\"https:\/\/latelierdesprofessionnels.com\/#website\"},\"primaryImageOfPage\":{\"@id\":\"https:\/\/latelierdesprofessionnels.com\/index.php\/produit\/polo-de-securite\/#primaryimage\"},\"image\":{\"@id\":\"https:\/\/latelierdesprofessionnels.com\/index.php\/produit\/polo-de-securite\/#primaryimage\"},\"thumbnailUrl\":\"https:\/\/latelierdesprofessionnels.com\/wp-content\/uploads\/2020\/09\/2-5.png\",\"datePublished\":\"2020-09-14T10:00:35+00:00\",\"dateModified\":\"2020-10-01T08:22:19+00:00\",\"breadcrumb\":{\"@id\":\"https:\/\/latelierdesprofessionnels.com\/index.php\/produit\/polo-de-securite\/#breadcrumb\"},\"inLanguage\":\"fr-FR\",\"potentialAction\":[{\"@type\":\"ReadAction\",\"target\":[\"https:\/\/latelierdesprofessionnels.com\/index.php\/produit\/polo-de-securite\/\"]}]},{\"@type\":\"ImageObject\",\"inLanguage\":\"fr-FR\",\"@id\":\"https:\/\/latelierdesprofessionnels.com\/index.php\/produit\/polo-de-securite\/#primaryimage\",\"url\":\"https:\/\/latelierdesprofessionnels.com\/wp-content\/uploads\/2020\/09\/2-5.png\",\"contentUrl\":\"https:\/\/latelierdesprofessionnels.com\/wp-content\/uploads\/2020\/09\/2-5.png\",\"width\":800,\"height\":675},{\"@type\":\"BreadcrumbList\",\"@id\":\"https:\/\/latelierdesprofessionnels.com\/index.php\/produit\/polo-de-securite\/#breadcrumb\",\"itemListElement\":[{\"@type\":\"ListItem\",\"position\":1,\"name\":\"Accueil\",\"item\":\"https:\/\/latelierdesprofessionnels.com\/\"},{\"@type\":\"ListItem\",\"position\":2,\"name\":\"Shop\",\"item\":\"https:\/\/latelierdesprofessionnels.com\/index.php\/shop\/\"},{\"@type\":\"ListItem\",\"position\":3,\"name\":\"POLO DE S\u00c9CURIT\u00c9 FIONA\"}]},{\"@type\":\"WebSite\",\"@id\":\"https:\/\/latelierdesprofessionnels.com\/#website\",\"url\":\"https:\/\/latelierdesprofessionnels.com\/\",\"name\":\"L&#039;Atelier des Professionnels\",\"description\":\"Des \u00e9quipements \u00e0 la hauteur de votre expertise !\",\"publisher\":{\"@id\":\"https:\/\/latelierdesprofessionnels.com\/#organization\"},\"potentialAction\":[{\"@type\":\"SearchAction\",\"target\":{\"@type\":\"EntryPoint\",\"urlTemplate\":\"https:\/\/latelierdesprofessionnels.com\/?s={search_term_string}\"},\"query-input\":{\"@type\":\"PropertyValueSpecification\",\"valueRequired\":true,\"valueName\":\"search_term_string\"}}],\"inLanguage\":\"fr-FR\"},{\"@type\":\"Organization\",\"@id\":\"https:\/\/latelierdesprofessionnels.com\/#organization\",\"name\":\"L'Atelier Des Professionnels\",\"url\":\"https:\/\/latelierdesprofessionnels.com\/\",\"logo\":{\"@type\":\"ImageObject\",\"inLanguage\":\"fr-FR\",\"@id\":\"https:\/\/latelierdesprofessionnels.com\/#\/schema\/logo\/image\/\",\"url\":\"https:\/\/latelierdesprofessionnels.com\/wp-content\/uploads\/2020\/04\/Logo-LADP.png\",\"contentUrl\":\"https:\/\/latelierdesprofessionnels.com\/wp-content\/uploads\/2020\/04\/Logo-LADP.png\",\"width\":2546,\"height\":2097,\"caption\":\"L'Atelier Des Professionnels\"},\"image\":{\"@id\":\"https:\/\/latelierdesprofessionnels.com\/#\/schema\/logo\/image\/\"},\"sameAs\":[\"https:\/\/www.facebook.com\/latelierdesprofessionnels\",\"https:\/\/www.linkedin.com\/company\/66702233\/admin\/\"]}]}<\/script>\n<!-- \/ Yoast SEO plugin. -->","yoast_head_json":{"title":"POLO DE S\u00c9CURIT\u00c9 FIONA - L&#039;Atelier des Professionnels","robots":{"index":"index","follow":"follow","max-snippet":"max-snippet:-1","max-image-preview":"max-image-preview:large","max-video-preview":"max-video-preview:-1"},"canonical":"https:\/\/latelierdesprofessionnels.com\/index.php\/produit\/polo-de-securite\/","og_locale":"fr_FR","og_type":"article","og_title":"POLO DE S\u00c9CURIT\u00c9 FIONA - L&#039;Atelier des Professionnels","og_description":"DEMANDEZ UN DEVIS    Polo de s\u00e9curit\u00e9 noir, bande grise  100% coton peign\u00e9,\u00a0ce polo estival aux manches courtes est d\u00e9di\u00e9 aux agents de s\u00e9curit\u00e9.  Broderie de qualit\u00e9 \"S\u00e9curit\u00e9\" apparent sur la poitrine, avec une bande horizontale grise rapport\u00e9e devant et dans le dos. Agr\u00e9able au toucher, ce polo homme est r\u00e9sistant aux lavages r\u00e9p\u00e9titifs. Tailles disponibles : XS ,S, M, L, XL, 2XL,3XL,4XL &nbsp;","og_url":"https:\/\/latelierdesprofessionnels.com\/index.php\/produit\/polo-de-securite\/","og_site_name":"L&#039;Atelier des Professionnels","article_publisher":"https:\/\/www.facebook.com\/latelierdesprofessionnels","article_modified_time":"2020-10-01T08:22:19+00:00","og_image":[{"width":800,"height":675,"url":"https:\/\/latelierdesprofessionnels.com\/wp-content\/uploads\/2020\/09\/2-5.png","type":"image\/png"}],"twitter_card":"summary_large_image","schema":{"@context":"https:\/\/schema.org","@graph":[{"@type":"WebPage","@id":"https:\/\/latelierdesprofessionnels.com\/index.php\/produit\/polo-de-securite\/","url":"https:\/\/latelierdesprofessionnels.com\/index.php\/produit\/polo-de-securite\/","name":"POLO DE S\u00c9CURIT\u00c9 FIONA - L&#039;Atelier des Professionnels","isPartOf":{"@id":"https:\/\/latelierdesprofessionnels.com\/#website"},"primaryImageOfPage":{"@id":"https:\/\/latelierdesprofessionnels.com\/index.php\/produit\/polo-de-securite\/#primaryimage"},"image":{"@id":"https:\/\/latelierdesprofessionnels.com\/index.php\/produit\/polo-de-securite\/#primaryimage"},"thumbnailUrl":"https:\/\/latelierdesprofessionnels.com\/wp-content\/uploads\/2020\/09\/2-5.png","datePublished":"2020-09-14T10:00:35+00:00","dateModified":"2020-10-01T08:22:19+00:00","breadcrumb":{"@id":"https:\/\/latelierdesprofessionnels.com\/index.php\/produit\/polo-de-securite\/#breadcrumb"},"inLanguage":"fr-FR","potentialAction":[{"@type":"ReadAction","target":["https:\/\/latelierdesprofessionnels.com\/index.php\/produit\/polo-de-securite\/"]}]},{"@type":"ImageObject","inLanguage":"fr-FR","@id":"https:\/\/latelierdesprofessionnels.com\/index.php\/produit\/polo-de-securite\/#primaryimage","url":"https:\/\/latelierdesprofessionnels.com\/wp-content\/uploads\/2020\/09\/2-5.png","contentUrl":"https:\/\/latelierdesprofessionnels.com\/wp-content\/uploads\/2020\/09\/2-5.png","width":800,"height":675},{"@type":"BreadcrumbList","@id":"https:\/\/latelierdesprofessionnels.com\/index.php\/produit\/polo-de-securite\/#breadcrumb","itemListElement":[{"@type":"ListItem","position":1,"name":"Accueil","item":"https:\/\/latelierdesprofessionnels.com\/"},{"@type":"ListItem","position":2,"name":"Shop","item":"https:\/\/latelierdesprofessionnels.com\/index.php\/shop\/"},{"@type":"ListItem","position":3,"name":"POLO DE S\u00c9CURIT\u00c9 FIONA"}]},{"@type":"WebSite","@id":"https:\/\/latelierdesprofessionnels.com\/#website","url":"https:\/\/latelierdesprofessionnels.com\/","name":"L&#039;Atelier des Professionnels","description":"Des \u00e9quipements \u00e0 la hauteur de votre expertise !","publisher":{"@id":"https:\/\/latelierdesprofessionnels.com\/#organization"},"potentialAction":[{"@type":"SearchAction","target":{"@type":"EntryPoint","urlTemplate":"https:\/\/latelierdesprofessionnels.com\/?s={search_term_string}"},"query-input":{"@type":"PropertyValueSpecification","valueRequired":true,"valueName":"search_term_string"}}],"inLanguage":"fr-FR"},{"@type":"Organization","@id":"https:\/\/latelierdesprofessionnels.com\/#organization","name":"L'Atelier Des Professionnels","url":"https:\/\/latelierdesprofessionnels.com\/","logo":{"@type":"ImageObject","inLanguage":"fr-FR","@id":"https:\/\/latelierdesprofessionnels.com\/#\/schema\/logo\/image\/","url":"https:\/\/latelierdesprofessionnels.com\/wp-content\/uploads\/2020\/04\/Logo-LADP.png","contentUrl":"https:\/\/latelierdesprofessionnels.com\/wp-content\/uploads\/2020\/04\/Logo-LADP.png","width":2546,"height":2097,"caption":"L'Atelier Des Professionnels"},"image":{"@id":"https:\/\/latelierdesprofessionnels.com\/#\/schema\/logo\/image\/"},"sameAs":["https:\/\/www.facebook.com\/latelierdesprofessionnels","https:\/\/www.linkedin.com\/company\/66702233\/admin\/"]}]}},"_links":{"self":[{"href":"https:\/\/latelierdesprofessionnels.com\/index.php\/wp-json\/wp\/v2\/product\/100005","targetHints":{"allow":["GET"]}}],"collection":[{"href":"https:\/\/latelierdesprofessionnels.com\/index.php\/wp-json\/wp\/v2\/product"}],"about":[{"href":"https:\/\/latelierdesprofessionnels.com\/index.php\/wp-json\/wp\/v2\/types\/product"}],"replies":[{"embeddable":true,"href":"https:\/\/latelierdesprofessionnels.com\/index.php\/wp-json\/wp\/v2\/comments?post=100005"}],"wp:featuredmedia":[{"embeddable":true,"href":"https:\/\/latelierdesprofessionnels.com\/index.php\/wp-json\/wp\/v2\/media\/100007"}],"wp:attachment":[{"href":"https:\/\/latelierdesprofessionnels.com\/index.php\/wp-json\/wp\/v2\/media?parent=100005"}],"wp:term":[{"taxonomy":"product_cat","embeddable":true,"href":"https:\/\/latelierdesprofessionnels.com\/index.php\/wp-json\/wp\/v2\/product_cat?post=100005"},{"taxonomy":"product_tag","embeddable":true,"href":"https:\/\/latelierdesprofessionnels.com\/index.php\/wp-json\/wp\/v2\/product_tag?post=100005"}],"curies":[{"name":"wp","href":"https:\/\/api.w.org\/{rel}","templated":true}]}}