{"id":100031,"date":"2020-09-14T14:38:16","date_gmt":"2020-09-14T12:38:16","guid":{"rendered":"http:\/\/latelierdesprofessionnels.com\/?post_type=product&#038;p=100031"},"modified":"2020-10-01T10:07:37","modified_gmt":"2020-10-01T08:07:37","slug":"sweat-de-securite","status":"publish","type":"product","link":"https:\/\/latelierdesprofessionnels.com\/index.php\/produit\/sweat-de-securite\/","title":{"rendered":"SWEAT DE S\u00c9CURIT\u00c9 BENOIT"},"content":{"rendered":"<p><strong>Sweat de s\u00e9curit\u00e9 Benoit<\/strong><\/p>\n<p>Coloris : noir<\/p>\n<p class=\"p1\"><span class=\"s1\">55 %<span class=\"Apple-converted-space\">\u00a0 <\/span>Cotton peign\u00e9<span class=\"Apple-converted-space\">\u00a0 <\/span>45 % Polyester <\/span><\/p>\n<p class=\"p1\"><span class=\"s1\"><span class=\"Apple-converted-space\">F<\/span>leece\u00a0 <\/span><span class=\"s1\">Oeko tex<\/span><\/p>\n<p class=\"p1\"><span class=\"s1\">Sweat avec un imprim\u00e9<span class=\"Apple-converted-space\">\u00a0 \u00ab\u00a0S\u00c9CURIT\u00c9\u00a0\u00bb au <\/span>devant de la poitrine<\/span><\/p>\n<p class=\"p1\"><span class=\"s1\">Rib col,<span class=\"Apple-converted-space\">\u00a0 <\/span>bas de manche et bas de v\u00eatement <\/span><\/p>\n<p class=\"p1\"><span class=\"s1\">Bande de propret\u00e9<span class=\"Apple-converted-space\">\u00a0 <\/span>encolure imprim\u00e9e \u00ab\u00a0L\u2019Atelier des Professionnels\u00a0\u00bb<\/span><\/p>\n<p>Tailles disponibles : <span class=\"s1\">XS &#8211; S &#8211; M &#8211; L &#8211; XL &#8211; XXL &#8211; 3XL &#8211; 4XL<\/span><\/p>\n","protected":false},"excerpt":{"rendered":"<p><a href=\"http:\/\/latelierdesprofessionnels.com\/index.php\/contactez-nous\/\"><strong>DEMANDEZ UN DEVIS<\/strong><\/a><\/p>\n<hr \/>\n<p>Sp\u00e9cialement destin\u00e9 aux agents de s\u00e9curit\u00e9 avec son imprim\u00e9 \u00ab\u00a0S\u00e9curit\u00e9\u00a0\u00bb, ce sweat d&rsquo;excellente qualit\u00e9 vous gardera au chaud pendant les journ\u00e9es hivernales.<\/p>\n<p>Classique, sobre et souple,\u00a0 il est adapt\u00e9 \u00e0 toutes les morphologies et vous accompagnera dans tous vos mouvements.<\/p>\n<p>Ce sweat en c<span class=\"s1\">otton peign\u00e9 et en polyester <\/span>est enti\u00e8rement respirant.<\/p>\n<p>Coloris : noir<\/p>\n<p>Tailles disponibles : <span class=\"s1\">XS &#8211; S &#8211; M &#8211; L &#8211; XL &#8211; XXL &#8211; 3XL &#8211; 4XL<\/span><\/p>\n","protected":false},"featured_media":100033,"comment_status":"open","ping_status":"closed","template":"","meta":[],"product_cat":[62],"product_tag":[],"class_list":{"0":"post-100031","1":"product","2":"type-product","3":"status-publish","4":"has-post-thumbnail","6":"product_cat-securite","8":"first","9":"instock","10":"taxable","11":"shipping-taxable","12":"product-type-simple"},"yoast_head":"<!-- This site is optimized with the Yoast SEO plugin v25.5 - https:\/\/yoast.com\/wordpress\/plugins\/seo\/ -->\n<title>SWEAT DE S\u00c9CURIT\u00c9 BENOIT - L&#039;Atelier des Professionnels<\/title>\n<meta name=\"description\" content=\"Sp\u00e9cialement destin\u00e9 aux agents de s\u00e9curit\u00e9 avec son imprim\u00e9 &quot;S\u00e9curit\u00e9&quot;, ce sweat d&#039;excellente qualit\u00e9 vous gardera au chaud.\" \/>\n<meta name=\"robots\" content=\"index, follow, max-snippet:-1, max-image-preview:large, max-video-preview:-1\" \/>\n<link rel=\"canonical\" href=\"https:\/\/latelierdesprofessionnels.com\/index.php\/produit\/sweat-de-securite\/\" \/>\n<meta property=\"og:locale\" content=\"fr_FR\" \/>\n<meta property=\"og:type\" content=\"article\" \/>\n<meta property=\"og:title\" content=\"SWEAT DE S\u00c9CURIT\u00c9 BENOIT - L&#039;Atelier des Professionnels\" \/>\n<meta property=\"og:description\" content=\"Sp\u00e9cialement destin\u00e9 aux agents de s\u00e9curit\u00e9 avec son imprim\u00e9 &quot;S\u00e9curit\u00e9&quot;, ce sweat d&#039;excellente qualit\u00e9 vous gardera au chaud.\" \/>\n<meta property=\"og:url\" content=\"https:\/\/latelierdesprofessionnels.com\/index.php\/produit\/sweat-de-securite\/\" \/>\n<meta property=\"og:site_name\" content=\"L&#039;Atelier des Professionnels\" \/>\n<meta property=\"article:publisher\" content=\"https:\/\/www.facebook.com\/latelierdesprofessionnels\" \/>\n<meta property=\"article:modified_time\" content=\"2020-10-01T08:07:37+00:00\" \/>\n<meta property=\"og:image\" content=\"https:\/\/latelierdesprofessionnels.com\/wp-content\/uploads\/2020\/09\/Fiche-produit-800_675-ou-800_1020-1.png\" \/>\n\t<meta property=\"og:image:width\" content=\"800\" \/>\n\t<meta property=\"og:image:height\" content=\"675\" \/>\n\t<meta property=\"og:image:type\" content=\"image\/png\" \/>\n<meta name=\"twitter:card\" content=\"summary_large_image\" \/>\n<script type=\"application\/ld+json\" class=\"yoast-schema-graph\">{\"@context\":\"https:\/\/schema.org\",\"@graph\":[{\"@type\":\"WebPage\",\"@id\":\"https:\/\/latelierdesprofessionnels.com\/index.php\/produit\/sweat-de-securite\/\",\"url\":\"https:\/\/latelierdesprofessionnels.com\/index.php\/produit\/sweat-de-securite\/\",\"name\":\"SWEAT DE S\u00c9CURIT\u00c9 BENOIT - L&#039;Atelier des Professionnels\",\"isPartOf\":{\"@id\":\"https:\/\/latelierdesprofessionnels.com\/#website\"},\"primaryImageOfPage\":{\"@id\":\"https:\/\/latelierdesprofessionnels.com\/index.php\/produit\/sweat-de-securite\/#primaryimage\"},\"image\":{\"@id\":\"https:\/\/latelierdesprofessionnels.com\/index.php\/produit\/sweat-de-securite\/#primaryimage\"},\"thumbnailUrl\":\"https:\/\/latelierdesprofessionnels.com\/wp-content\/uploads\/2020\/09\/Fiche-produit-800_675-ou-800_1020-1.png\",\"datePublished\":\"2020-09-14T12:38:16+00:00\",\"dateModified\":\"2020-10-01T08:07:37+00:00\",\"description\":\"Sp\u00e9cialement destin\u00e9 aux agents de s\u00e9curit\u00e9 avec son imprim\u00e9 \\\"S\u00e9curit\u00e9\\\", ce sweat d'excellente qualit\u00e9 vous gardera au chaud.\",\"breadcrumb\":{\"@id\":\"https:\/\/latelierdesprofessionnels.com\/index.php\/produit\/sweat-de-securite\/#breadcrumb\"},\"inLanguage\":\"fr-FR\",\"potentialAction\":[{\"@type\":\"ReadAction\",\"target\":[\"https:\/\/latelierdesprofessionnels.com\/index.php\/produit\/sweat-de-securite\/\"]}]},{\"@type\":\"ImageObject\",\"inLanguage\":\"fr-FR\",\"@id\":\"https:\/\/latelierdesprofessionnels.com\/index.php\/produit\/sweat-de-securite\/#primaryimage\",\"url\":\"https:\/\/latelierdesprofessionnels.com\/wp-content\/uploads\/2020\/09\/Fiche-produit-800_675-ou-800_1020-1.png\",\"contentUrl\":\"https:\/\/latelierdesprofessionnels.com\/wp-content\/uploads\/2020\/09\/Fiche-produit-800_675-ou-800_1020-1.png\",\"width\":800,\"height\":675},{\"@type\":\"BreadcrumbList\",\"@id\":\"https:\/\/latelierdesprofessionnels.com\/index.php\/produit\/sweat-de-securite\/#breadcrumb\",\"itemListElement\":[{\"@type\":\"ListItem\",\"position\":1,\"name\":\"Accueil\",\"item\":\"https:\/\/latelierdesprofessionnels.com\/\"},{\"@type\":\"ListItem\",\"position\":2,\"name\":\"Shop\",\"item\":\"https:\/\/latelierdesprofessionnels.com\/index.php\/shop\/\"},{\"@type\":\"ListItem\",\"position\":3,\"name\":\"SWEAT DE S\u00c9CURIT\u00c9 BENOIT\"}]},{\"@type\":\"WebSite\",\"@id\":\"https:\/\/latelierdesprofessionnels.com\/#website\",\"url\":\"https:\/\/latelierdesprofessionnels.com\/\",\"name\":\"L&#039;Atelier des Professionnels\",\"description\":\"Des \u00e9quipements \u00e0 la hauteur de votre expertise !\",\"publisher\":{\"@id\":\"https:\/\/latelierdesprofessionnels.com\/#organization\"},\"potentialAction\":[{\"@type\":\"SearchAction\",\"target\":{\"@type\":\"EntryPoint\",\"urlTemplate\":\"https:\/\/latelierdesprofessionnels.com\/?s={search_term_string}\"},\"query-input\":{\"@type\":\"PropertyValueSpecification\",\"valueRequired\":true,\"valueName\":\"search_term_string\"}}],\"inLanguage\":\"fr-FR\"},{\"@type\":\"Organization\",\"@id\":\"https:\/\/latelierdesprofessionnels.com\/#organization\",\"name\":\"L'Atelier Des Professionnels\",\"url\":\"https:\/\/latelierdesprofessionnels.com\/\",\"logo\":{\"@type\":\"ImageObject\",\"inLanguage\":\"fr-FR\",\"@id\":\"https:\/\/latelierdesprofessionnels.com\/#\/schema\/logo\/image\/\",\"url\":\"https:\/\/latelierdesprofessionnels.com\/wp-content\/uploads\/2020\/04\/Logo-LADP.png\",\"contentUrl\":\"https:\/\/latelierdesprofessionnels.com\/wp-content\/uploads\/2020\/04\/Logo-LADP.png\",\"width\":2546,\"height\":2097,\"caption\":\"L'Atelier Des Professionnels\"},\"image\":{\"@id\":\"https:\/\/latelierdesprofessionnels.com\/#\/schema\/logo\/image\/\"},\"sameAs\":[\"https:\/\/www.facebook.com\/latelierdesprofessionnels\",\"https:\/\/www.linkedin.com\/company\/66702233\/admin\/\"]}]}<\/script>\n<!-- \/ Yoast SEO plugin. -->","yoast_head_json":{"title":"SWEAT DE S\u00c9CURIT\u00c9 BENOIT - L&#039;Atelier des Professionnels","description":"Sp\u00e9cialement destin\u00e9 aux agents de s\u00e9curit\u00e9 avec son imprim\u00e9 \"S\u00e9curit\u00e9\", ce sweat d'excellente qualit\u00e9 vous gardera au chaud.","robots":{"index":"index","follow":"follow","max-snippet":"max-snippet:-1","max-image-preview":"max-image-preview:large","max-video-preview":"max-video-preview:-1"},"canonical":"https:\/\/latelierdesprofessionnels.com\/index.php\/produit\/sweat-de-securite\/","og_locale":"fr_FR","og_type":"article","og_title":"SWEAT DE S\u00c9CURIT\u00c9 BENOIT - L&#039;Atelier des Professionnels","og_description":"Sp\u00e9cialement destin\u00e9 aux agents de s\u00e9curit\u00e9 avec son imprim\u00e9 \"S\u00e9curit\u00e9\", ce sweat d'excellente qualit\u00e9 vous gardera au chaud.","og_url":"https:\/\/latelierdesprofessionnels.com\/index.php\/produit\/sweat-de-securite\/","og_site_name":"L&#039;Atelier des Professionnels","article_publisher":"https:\/\/www.facebook.com\/latelierdesprofessionnels","article_modified_time":"2020-10-01T08:07:37+00:00","og_image":[{"width":800,"height":675,"url":"https:\/\/latelierdesprofessionnels.com\/wp-content\/uploads\/2020\/09\/Fiche-produit-800_675-ou-800_1020-1.png","type":"image\/png"}],"twitter_card":"summary_large_image","schema":{"@context":"https:\/\/schema.org","@graph":[{"@type":"WebPage","@id":"https:\/\/latelierdesprofessionnels.com\/index.php\/produit\/sweat-de-securite\/","url":"https:\/\/latelierdesprofessionnels.com\/index.php\/produit\/sweat-de-securite\/","name":"SWEAT DE S\u00c9CURIT\u00c9 BENOIT - L&#039;Atelier des Professionnels","isPartOf":{"@id":"https:\/\/latelierdesprofessionnels.com\/#website"},"primaryImageOfPage":{"@id":"https:\/\/latelierdesprofessionnels.com\/index.php\/produit\/sweat-de-securite\/#primaryimage"},"image":{"@id":"https:\/\/latelierdesprofessionnels.com\/index.php\/produit\/sweat-de-securite\/#primaryimage"},"thumbnailUrl":"https:\/\/latelierdesprofessionnels.com\/wp-content\/uploads\/2020\/09\/Fiche-produit-800_675-ou-800_1020-1.png","datePublished":"2020-09-14T12:38:16+00:00","dateModified":"2020-10-01T08:07:37+00:00","description":"Sp\u00e9cialement destin\u00e9 aux agents de s\u00e9curit\u00e9 avec son imprim\u00e9 \"S\u00e9curit\u00e9\", ce sweat d'excellente qualit\u00e9 vous gardera au chaud.","breadcrumb":{"@id":"https:\/\/latelierdesprofessionnels.com\/index.php\/produit\/sweat-de-securite\/#breadcrumb"},"inLanguage":"fr-FR","potentialAction":[{"@type":"ReadAction","target":["https:\/\/latelierdesprofessionnels.com\/index.php\/produit\/sweat-de-securite\/"]}]},{"@type":"ImageObject","inLanguage":"fr-FR","@id":"https:\/\/latelierdesprofessionnels.com\/index.php\/produit\/sweat-de-securite\/#primaryimage","url":"https:\/\/latelierdesprofessionnels.com\/wp-content\/uploads\/2020\/09\/Fiche-produit-800_675-ou-800_1020-1.png","contentUrl":"https:\/\/latelierdesprofessionnels.com\/wp-content\/uploads\/2020\/09\/Fiche-produit-800_675-ou-800_1020-1.png","width":800,"height":675},{"@type":"BreadcrumbList","@id":"https:\/\/latelierdesprofessionnels.com\/index.php\/produit\/sweat-de-securite\/#breadcrumb","itemListElement":[{"@type":"ListItem","position":1,"name":"Accueil","item":"https:\/\/latelierdesprofessionnels.com\/"},{"@type":"ListItem","position":2,"name":"Shop","item":"https:\/\/latelierdesprofessionnels.com\/index.php\/shop\/"},{"@type":"ListItem","position":3,"name":"SWEAT DE S\u00c9CURIT\u00c9 BENOIT"}]},{"@type":"WebSite","@id":"https:\/\/latelierdesprofessionnels.com\/#website","url":"https:\/\/latelierdesprofessionnels.com\/","name":"L&#039;Atelier des Professionnels","description":"Des \u00e9quipements \u00e0 la hauteur de votre expertise !","publisher":{"@id":"https:\/\/latelierdesprofessionnels.com\/#organization"},"potentialAction":[{"@type":"SearchAction","target":{"@type":"EntryPoint","urlTemplate":"https:\/\/latelierdesprofessionnels.com\/?s={search_term_string}"},"query-input":{"@type":"PropertyValueSpecification","valueRequired":true,"valueName":"search_term_string"}}],"inLanguage":"fr-FR"},{"@type":"Organization","@id":"https:\/\/latelierdesprofessionnels.com\/#organization","name":"L'Atelier Des Professionnels","url":"https:\/\/latelierdesprofessionnels.com\/","logo":{"@type":"ImageObject","inLanguage":"fr-FR","@id":"https:\/\/latelierdesprofessionnels.com\/#\/schema\/logo\/image\/","url":"https:\/\/latelierdesprofessionnels.com\/wp-content\/uploads\/2020\/04\/Logo-LADP.png","contentUrl":"https:\/\/latelierdesprofessionnels.com\/wp-content\/uploads\/2020\/04\/Logo-LADP.png","width":2546,"height":2097,"caption":"L'Atelier Des Professionnels"},"image":{"@id":"https:\/\/latelierdesprofessionnels.com\/#\/schema\/logo\/image\/"},"sameAs":["https:\/\/www.facebook.com\/latelierdesprofessionnels","https:\/\/www.linkedin.com\/company\/66702233\/admin\/"]}]}},"_links":{"self":[{"href":"https:\/\/latelierdesprofessionnels.com\/index.php\/wp-json\/wp\/v2\/product\/100031","targetHints":{"allow":["GET"]}}],"collection":[{"href":"https:\/\/latelierdesprofessionnels.com\/index.php\/wp-json\/wp\/v2\/product"}],"about":[{"href":"https:\/\/latelierdesprofessionnels.com\/index.php\/wp-json\/wp\/v2\/types\/product"}],"replies":[{"embeddable":true,"href":"https:\/\/latelierdesprofessionnels.com\/index.php\/wp-json\/wp\/v2\/comments?post=100031"}],"wp:featuredmedia":[{"embeddable":true,"href":"https:\/\/latelierdesprofessionnels.com\/index.php\/wp-json\/wp\/v2\/media\/100033"}],"wp:attachment":[{"href":"https:\/\/latelierdesprofessionnels.com\/index.php\/wp-json\/wp\/v2\/media?parent=100031"}],"wp:term":[{"taxonomy":"product_cat","embeddable":true,"href":"https:\/\/latelierdesprofessionnels.com\/index.php\/wp-json\/wp\/v2\/product_cat?post=100031"},{"taxonomy":"product_tag","embeddable":true,"href":"https:\/\/latelierdesprofessionnels.com\/index.php\/wp-json\/wp\/v2\/product_tag?post=100031"}],"curies":[{"name":"wp","href":"https:\/\/api.w.org\/{rel}","templated":true}]}}