{"id":100144,"date":"2020-10-20T14:19:40","date_gmt":"2020-10-20T12:19:40","guid":{"rendered":"https:\/\/latelierdesprofessionnels.com\/?post_type=product&#038;p=100144"},"modified":"2021-03-02T17:00:50","modified_gmt":"2021-03-02T16:00:50","slug":"masque-de-protection-pour-enfant-boite-de-50-masques","status":"publish","type":"product","link":"https:\/\/latelierdesprofessionnels.com\/index.php\/produit\/masque-de-protection-pour-enfant-boite-de-50-masques\/","title":{"rendered":"Masque de protection Enfant | Bo\u00eete de 50 masques"},"content":{"rendered":"<div class=\"wpb-content-wrapper\"><section class=\"vc_row wpb_row vc_row-fluid\"><div class=\"wpb_column vc_column_container col-xs-mobile-fullwidth vc_col-sm-12\"><div class=\"vc_column-inner\"><div class=\"wpb_wrapper\"><div class=\"separator-style-1 separator-style1-1\"><\/div><div class=\"text-block-content hongo-text-block-1 last-paragraph-no-margin\"><p class=\"_04xlpA direction-ltr align-justify para-style-body\"><span class=\"JsGRdQ\">Le masque de protection pour enfant, p\u00e9diatrique et non m\u00e9dical, destin\u00e9 aux enfants est tr\u00e8s r\u00e9sistant, respirant, inodore et hypoallerg\u00e9nique.\u00a0\u00a0<\/span><\/p>\n<p>2 coloris disponibles aux motifs vari\u00e9s : bleu ou rose<\/p>\n<hr \/>\n<p class=\"_04xlpA direction-ltr align-justify para-style-body\"><span class=\"JsGRdQ\">Un masque 3 plis est un masque \u00e0 3 couches diff\u00e9rentes : une couche externe pour prot\u00e9ger des projections type gouttelette, une couche interne : le filtre pour la filtration microbienne, et une couche interne de confort en contact avec la peau. Les masques \u00a0sont emball\u00e9s individuellement respectant les directives gouvernementales.<\/span><\/p>\n<\/div><div class=\"separator-style-1 separator-style1-2\"><\/div><\/div><\/div><\/div><\/section><section class=\"vc_row wpb_row vc_row-fluid\"><div class=\"wpb_column vc_column_container col-xs-mobile-fullwidth vc_col-sm-6\"><div class=\"vc_column-inner\"><div class=\"wpb_wrapper\"><div class=\"separator-style-1 separator-style1-3\"><\/div><div class=\"text-block-content hongo-text-block-2 last-paragraph-no-margin\"><p><span class=\"JsGRdQ\">Matie\u0300res :<\/span><\/p>\n<div class=\"page\" title=\"Page 1\">\n<div class=\"section\">\n<div class=\"layoutArea\">\n<div class=\"column\">\n<p>&#8211; 1er pli :25g\/m2 non tisse\u0301 (33.3%)<\/p>\n<p>&#8211; 2e\u0300me pli :25g\/m2 melt-blown (33.4%)<\/p>\n<p>&#8211; 3e\u0300me pli :25g\/m2 non tisse\u0301 (33.3%)<\/p>\n<p>\u2022 Temps d\u2019utilisation recommande\u0301 : 4 heures<\/p>\n<p>\u2022Pre\u0301vu pour les enfants de 4 a\u0300 10\/12 ans<\/p>\n<p>\u2022 Conservation des masques :3 ans a\u0300 partir de la date de production<\/p>\n<p>\u2022Nombre de pie\u0300ces par boi\u0302te :50<\/p>\n<p>\u2022 Dimensions du produit : 14.5 x 9.5 cm<\/p>\n<p>\u2022 Nom du produit : Masque de protection pour enfant, pe\u0301diatrique, non m\u00e9dical<\/p>\n<p>\u2022 Norme :GB\/T 38880-2020<\/p>\n<p>\u2022 Stockage :entre 0\u00b0C et 30\u00b0C, entre de 45% et 75% d\u2019humidite\u0301<\/p>\n<\/div>\n<\/div>\n<\/div>\n<\/div>\n<\/div><\/div><\/div><\/div><\/section>\n<\/div>","protected":false},"excerpt":{"rendered":"<p class=\"_04xlpA direction-ltr align-justify para-style-body\"><span style=\"color: #8d1315;\"><strong><span class=\"JsGRdQ\"><a style=\"color: #8d1315;\" href=\"http:\/\/latelierdesprofessionnels.com\/index.php\/contactez-nous\/\">DEMANDEZ UN DEVIS<\/a><\/span><\/strong><\/span><\/p>\n<hr \/>\n<p class=\"_04xlpA direction-ltr align-justify para-style-body\"><strong>Bo\u00eete de 50 masques<\/strong><\/p>\n<hr \/>\n<p class=\"_04xlpA direction-ltr align-justify para-style-body\">Ce masque de protection pour enfant (p\u00e9diatrique), jetable et de qualit\u00e9 sup\u00e9rieure, emp\u00eache les projections et les pulv\u00e9risations \u00e9mis par les autres, comme les \u00e9ternuements et la toux, de vous atteindre.<\/p>\n<p>2 coloris disponibles aux motifs vari\u00e9s : bleu ou rose<\/p>\n<p>&nbsp;<\/p>\n","protected":false},"featured_media":100209,"comment_status":"open","ping_status":"closed","template":"","meta":[],"product_cat":[61],"product_tag":[92],"class_list":{"0":"post-100144","1":"product","2":"type-product","3":"status-publish","4":"has-post-thumbnail","6":"product_cat-hygiene-et-sante","7":"product_tag-masque","8":"product_shipping_class-masques","10":"first","11":"outofstock","12":"featured","13":"taxable","14":"shipping-taxable","15":"purchasable","16":"product-type-simple"},"yoast_head":"<!-- This site is optimized with the Yoast SEO plugin v25.5 - https:\/\/yoast.com\/wordpress\/plugins\/seo\/ -->\n<title>Masque de protection pour enfant - Bo\u00eete de 50 masques<\/title>\n<meta name=\"description\" content=\"Ce masque de protection pour enfant - p\u00e9diatrique et non m\u00e9dical - emp\u00eache les projections\u00a0\u00e9mis par les autres. Norme CE.\" \/>\n<meta name=\"robots\" content=\"index, follow, max-snippet:-1, max-image-preview:large, max-video-preview:-1\" \/>\n<link rel=\"canonical\" href=\"https:\/\/latelierdesprofessionnels.com\/index.php\/produit\/masque-de-protection-pour-enfant-boite-de-50-masques\/\" \/>\n<meta property=\"og:locale\" content=\"fr_FR\" \/>\n<meta property=\"og:type\" content=\"article\" \/>\n<meta property=\"og:title\" content=\"Masque de protection pour enfant - Bo\u00eete de 50 masques\" \/>\n<meta property=\"og:description\" content=\"Ce masque de protection pour enfant - p\u00e9diatrique et non m\u00e9dical - emp\u00eache les projections\u00a0\u00e9mis par les autres. Norme CE.\" \/>\n<meta property=\"og:url\" content=\"https:\/\/latelierdesprofessionnels.com\/index.php\/produit\/masque-de-protection-pour-enfant-boite-de-50-masques\/\" \/>\n<meta property=\"og:site_name\" content=\"L&#039;Atelier des Professionnels\" \/>\n<meta property=\"article:publisher\" content=\"https:\/\/www.facebook.com\/latelierdesprofessionnels\" \/>\n<meta property=\"article:modified_time\" content=\"2021-03-02T16:00:50+00:00\" \/>\n<meta property=\"og:image\" content=\"https:\/\/latelierdesprofessionnels.com\/wp-content\/uploads\/2020\/10\/Fiche-produit-800_675-ou-800_1020-2.png\" \/>\n\t<meta property=\"og:image:width\" content=\"800\" \/>\n\t<meta property=\"og:image:height\" content=\"675\" \/>\n\t<meta property=\"og:image:type\" content=\"image\/png\" \/>\n<meta name=\"twitter:card\" content=\"summary_large_image\" \/>\n<meta name=\"twitter:label1\" content=\"Dur\u00e9e de lecture estim\u00e9e\" \/>\n\t<meta name=\"twitter:data1\" content=\"1 minute\" \/>\n<script type=\"application\/ld+json\" class=\"yoast-schema-graph\">{\"@context\":\"https:\/\/schema.org\",\"@graph\":[{\"@type\":\"WebPage\",\"@id\":\"https:\/\/latelierdesprofessionnels.com\/index.php\/produit\/masque-de-protection-pour-enfant-boite-de-50-masques\/\",\"url\":\"https:\/\/latelierdesprofessionnels.com\/index.php\/produit\/masque-de-protection-pour-enfant-boite-de-50-masques\/\",\"name\":\"Masque de protection pour enfant - Bo\u00eete de 50 masques\",\"isPartOf\":{\"@id\":\"https:\/\/latelierdesprofessionnels.com\/#website\"},\"primaryImageOfPage\":{\"@id\":\"https:\/\/latelierdesprofessionnels.com\/index.php\/produit\/masque-de-protection-pour-enfant-boite-de-50-masques\/#primaryimage\"},\"image\":{\"@id\":\"https:\/\/latelierdesprofessionnels.com\/index.php\/produit\/masque-de-protection-pour-enfant-boite-de-50-masques\/#primaryimage\"},\"thumbnailUrl\":\"https:\/\/latelierdesprofessionnels.com\/wp-content\/uploads\/2020\/10\/Fiche-produit-800_675-ou-800_1020-2.png\",\"datePublished\":\"2020-10-20T12:19:40+00:00\",\"dateModified\":\"2021-03-02T16:00:50+00:00\",\"description\":\"Ce masque de protection pour enfant - p\u00e9diatrique et non m\u00e9dical - emp\u00eache les projections\u00a0\u00e9mis par les autres. Norme CE.\",\"breadcrumb\":{\"@id\":\"https:\/\/latelierdesprofessionnels.com\/index.php\/produit\/masque-de-protection-pour-enfant-boite-de-50-masques\/#breadcrumb\"},\"inLanguage\":\"fr-FR\",\"potentialAction\":[{\"@type\":\"ReadAction\",\"target\":[\"https:\/\/latelierdesprofessionnels.com\/index.php\/produit\/masque-de-protection-pour-enfant-boite-de-50-masques\/\"]}]},{\"@type\":\"ImageObject\",\"inLanguage\":\"fr-FR\",\"@id\":\"https:\/\/latelierdesprofessionnels.com\/index.php\/produit\/masque-de-protection-pour-enfant-boite-de-50-masques\/#primaryimage\",\"url\":\"https:\/\/latelierdesprofessionnels.com\/wp-content\/uploads\/2020\/10\/Fiche-produit-800_675-ou-800_1020-2.png\",\"contentUrl\":\"https:\/\/latelierdesprofessionnels.com\/wp-content\/uploads\/2020\/10\/Fiche-produit-800_675-ou-800_1020-2.png\",\"width\":800,\"height\":675},{\"@type\":\"BreadcrumbList\",\"@id\":\"https:\/\/latelierdesprofessionnels.com\/index.php\/produit\/masque-de-protection-pour-enfant-boite-de-50-masques\/#breadcrumb\",\"itemListElement\":[{\"@type\":\"ListItem\",\"position\":1,\"name\":\"Accueil\",\"item\":\"https:\/\/latelierdesprofessionnels.com\/\"},{\"@type\":\"ListItem\",\"position\":2,\"name\":\"Shop\",\"item\":\"https:\/\/latelierdesprofessionnels.com\/index.php\/shop\/\"},{\"@type\":\"ListItem\",\"position\":3,\"name\":\"Masque de protection Enfant | Bo\u00eete de 50 masques\"}]},{\"@type\":\"WebSite\",\"@id\":\"https:\/\/latelierdesprofessionnels.com\/#website\",\"url\":\"https:\/\/latelierdesprofessionnels.com\/\",\"name\":\"L&#039;Atelier des Professionnels\",\"description\":\"Des \u00e9quipements \u00e0 la hauteur de votre expertise !\",\"publisher\":{\"@id\":\"https:\/\/latelierdesprofessionnels.com\/#organization\"},\"potentialAction\":[{\"@type\":\"SearchAction\",\"target\":{\"@type\":\"EntryPoint\",\"urlTemplate\":\"https:\/\/latelierdesprofessionnels.com\/?s={search_term_string}\"},\"query-input\":{\"@type\":\"PropertyValueSpecification\",\"valueRequired\":true,\"valueName\":\"search_term_string\"}}],\"inLanguage\":\"fr-FR\"},{\"@type\":\"Organization\",\"@id\":\"https:\/\/latelierdesprofessionnels.com\/#organization\",\"name\":\"L'Atelier Des Professionnels\",\"url\":\"https:\/\/latelierdesprofessionnels.com\/\",\"logo\":{\"@type\":\"ImageObject\",\"inLanguage\":\"fr-FR\",\"@id\":\"https:\/\/latelierdesprofessionnels.com\/#\/schema\/logo\/image\/\",\"url\":\"https:\/\/latelierdesprofessionnels.com\/wp-content\/uploads\/2020\/04\/Logo-LADP.png\",\"contentUrl\":\"https:\/\/latelierdesprofessionnels.com\/wp-content\/uploads\/2020\/04\/Logo-LADP.png\",\"width\":2546,\"height\":2097,\"caption\":\"L'Atelier Des Professionnels\"},\"image\":{\"@id\":\"https:\/\/latelierdesprofessionnels.com\/#\/schema\/logo\/image\/\"},\"sameAs\":[\"https:\/\/www.facebook.com\/latelierdesprofessionnels\",\"https:\/\/www.linkedin.com\/company\/66702233\/admin\/\"]}]}<\/script>\n<!-- \/ Yoast SEO plugin. -->","yoast_head_json":{"title":"Masque de protection pour enfant - Bo\u00eete de 50 masques","description":"Ce masque de protection pour enfant - p\u00e9diatrique et non m\u00e9dical - emp\u00eache les projections\u00a0\u00e9mis par les autres. Norme CE.","robots":{"index":"index","follow":"follow","max-snippet":"max-snippet:-1","max-image-preview":"max-image-preview:large","max-video-preview":"max-video-preview:-1"},"canonical":"https:\/\/latelierdesprofessionnels.com\/index.php\/produit\/masque-de-protection-pour-enfant-boite-de-50-masques\/","og_locale":"fr_FR","og_type":"article","og_title":"Masque de protection pour enfant - Bo\u00eete de 50 masques","og_description":"Ce masque de protection pour enfant - p\u00e9diatrique et non m\u00e9dical - emp\u00eache les projections\u00a0\u00e9mis par les autres. Norme CE.","og_url":"https:\/\/latelierdesprofessionnels.com\/index.php\/produit\/masque-de-protection-pour-enfant-boite-de-50-masques\/","og_site_name":"L&#039;Atelier des Professionnels","article_publisher":"https:\/\/www.facebook.com\/latelierdesprofessionnels","article_modified_time":"2021-03-02T16:00:50+00:00","og_image":[{"width":800,"height":675,"url":"https:\/\/latelierdesprofessionnels.com\/wp-content\/uploads\/2020\/10\/Fiche-produit-800_675-ou-800_1020-2.png","type":"image\/png"}],"twitter_card":"summary_large_image","twitter_misc":{"Dur\u00e9e de lecture estim\u00e9e":"1 minute"},"schema":{"@context":"https:\/\/schema.org","@graph":[{"@type":"WebPage","@id":"https:\/\/latelierdesprofessionnels.com\/index.php\/produit\/masque-de-protection-pour-enfant-boite-de-50-masques\/","url":"https:\/\/latelierdesprofessionnels.com\/index.php\/produit\/masque-de-protection-pour-enfant-boite-de-50-masques\/","name":"Masque de protection pour enfant - Bo\u00eete de 50 masques","isPartOf":{"@id":"https:\/\/latelierdesprofessionnels.com\/#website"},"primaryImageOfPage":{"@id":"https:\/\/latelierdesprofessionnels.com\/index.php\/produit\/masque-de-protection-pour-enfant-boite-de-50-masques\/#primaryimage"},"image":{"@id":"https:\/\/latelierdesprofessionnels.com\/index.php\/produit\/masque-de-protection-pour-enfant-boite-de-50-masques\/#primaryimage"},"thumbnailUrl":"https:\/\/latelierdesprofessionnels.com\/wp-content\/uploads\/2020\/10\/Fiche-produit-800_675-ou-800_1020-2.png","datePublished":"2020-10-20T12:19:40+00:00","dateModified":"2021-03-02T16:00:50+00:00","description":"Ce masque de protection pour enfant - p\u00e9diatrique et non m\u00e9dical - emp\u00eache les projections\u00a0\u00e9mis par les autres. Norme CE.","breadcrumb":{"@id":"https:\/\/latelierdesprofessionnels.com\/index.php\/produit\/masque-de-protection-pour-enfant-boite-de-50-masques\/#breadcrumb"},"inLanguage":"fr-FR","potentialAction":[{"@type":"ReadAction","target":["https:\/\/latelierdesprofessionnels.com\/index.php\/produit\/masque-de-protection-pour-enfant-boite-de-50-masques\/"]}]},{"@type":"ImageObject","inLanguage":"fr-FR","@id":"https:\/\/latelierdesprofessionnels.com\/index.php\/produit\/masque-de-protection-pour-enfant-boite-de-50-masques\/#primaryimage","url":"https:\/\/latelierdesprofessionnels.com\/wp-content\/uploads\/2020\/10\/Fiche-produit-800_675-ou-800_1020-2.png","contentUrl":"https:\/\/latelierdesprofessionnels.com\/wp-content\/uploads\/2020\/10\/Fiche-produit-800_675-ou-800_1020-2.png","width":800,"height":675},{"@type":"BreadcrumbList","@id":"https:\/\/latelierdesprofessionnels.com\/index.php\/produit\/masque-de-protection-pour-enfant-boite-de-50-masques\/#breadcrumb","itemListElement":[{"@type":"ListItem","position":1,"name":"Accueil","item":"https:\/\/latelierdesprofessionnels.com\/"},{"@type":"ListItem","position":2,"name":"Shop","item":"https:\/\/latelierdesprofessionnels.com\/index.php\/shop\/"},{"@type":"ListItem","position":3,"name":"Masque de protection Enfant | Bo\u00eete de 50 masques"}]},{"@type":"WebSite","@id":"https:\/\/latelierdesprofessionnels.com\/#website","url":"https:\/\/latelierdesprofessionnels.com\/","name":"L&#039;Atelier des Professionnels","description":"Des \u00e9quipements \u00e0 la hauteur de votre expertise !","publisher":{"@id":"https:\/\/latelierdesprofessionnels.com\/#organization"},"potentialAction":[{"@type":"SearchAction","target":{"@type":"EntryPoint","urlTemplate":"https:\/\/latelierdesprofessionnels.com\/?s={search_term_string}"},"query-input":{"@type":"PropertyValueSpecification","valueRequired":true,"valueName":"search_term_string"}}],"inLanguage":"fr-FR"},{"@type":"Organization","@id":"https:\/\/latelierdesprofessionnels.com\/#organization","name":"L'Atelier Des Professionnels","url":"https:\/\/latelierdesprofessionnels.com\/","logo":{"@type":"ImageObject","inLanguage":"fr-FR","@id":"https:\/\/latelierdesprofessionnels.com\/#\/schema\/logo\/image\/","url":"https:\/\/latelierdesprofessionnels.com\/wp-content\/uploads\/2020\/04\/Logo-LADP.png","contentUrl":"https:\/\/latelierdesprofessionnels.com\/wp-content\/uploads\/2020\/04\/Logo-LADP.png","width":2546,"height":2097,"caption":"L'Atelier Des Professionnels"},"image":{"@id":"https:\/\/latelierdesprofessionnels.com\/#\/schema\/logo\/image\/"},"sameAs":["https:\/\/www.facebook.com\/latelierdesprofessionnels","https:\/\/www.linkedin.com\/company\/66702233\/admin\/"]}]}},"_links":{"self":[{"href":"https:\/\/latelierdesprofessionnels.com\/index.php\/wp-json\/wp\/v2\/product\/100144","targetHints":{"allow":["GET"]}}],"collection":[{"href":"https:\/\/latelierdesprofessionnels.com\/index.php\/wp-json\/wp\/v2\/product"}],"about":[{"href":"https:\/\/latelierdesprofessionnels.com\/index.php\/wp-json\/wp\/v2\/types\/product"}],"replies":[{"embeddable":true,"href":"https:\/\/latelierdesprofessionnels.com\/index.php\/wp-json\/wp\/v2\/comments?post=100144"}],"wp:featuredmedia":[{"embeddable":true,"href":"https:\/\/latelierdesprofessionnels.com\/index.php\/wp-json\/wp\/v2\/media\/100209"}],"wp:attachment":[{"href":"https:\/\/latelierdesprofessionnels.com\/index.php\/wp-json\/wp\/v2\/media?parent=100144"}],"wp:term":[{"taxonomy":"product_cat","embeddable":true,"href":"https:\/\/latelierdesprofessionnels.com\/index.php\/wp-json\/wp\/v2\/product_cat?post=100144"},{"taxonomy":"product_tag","embeddable":true,"href":"https:\/\/latelierdesprofessionnels.com\/index.php\/wp-json\/wp\/v2\/product_tag?post=100144"}],"curies":[{"name":"wp","href":"https:\/\/api.w.org\/{rel}","templated":true}]}}