{"id":99313,"date":"2020-08-12T12:17:15","date_gmt":"2020-08-12T10:17:15","guid":{"rendered":"http:\/\/latelierdesprofessionnels.com\/?post_type=product&#038;p=99313"},"modified":"2020-11-17T15:00:39","modified_gmt":"2020-11-17T14:00:39","slug":"masque-civil-en149","status":"publish","type":"product","link":"https:\/\/latelierdesprofessionnels.com\/index.php\/produit\/masque-civil-en149\/","title":{"rendered":"Masque \u00e0 usage civil | Bo\u00eete de 50 masques"},"content":{"rendered":"<div class=\"wpb-content-wrapper\"><p><span style=\"vertical-align: inherit;\"><span style=\"vertical-align: inherit;\"><section class=\"vc_row wpb_row vc_row-fluid\"> <div class=\"wpb_column vc_column_container col-xs-mobile-fullwidth vc_col-sm-12\"><div class=\"vc_column-inner\"><div class=\"wpb_wrapper\"> <div class=\"separator-style-1 separator-style1-1\"><\/div> <div class=\"text-block-content hongo-text-block-1 last-paragraph-no-margin\"><p><\/span><\/span><\/p>\n<p class=\"_04xlpA direction-ltr align-justify para-style-body\"><span class=\"JsGRdQ\">Masque 3 plis \u00e0 usage civil uniquement, non m\u00e9dical.<\/span><\/p>\n<p class=\"_04xlpA direction-ltr align-justify para-style-body\"><span class=\"JsGRdQ\">Ces masques sont \u00e0 3 plis, respirants, inodores et hypoallerg\u00e9niques.\u00a0\u00a0<\/span><\/p>\n<p class=\"_04xlpA direction-ltr align-justify para-style-body\"><span class=\"JsGRdQ\">Un masque 3 plis est un masque \u00e0 3 couches diff\u00e9rentes : une couche externe pour prot\u00e9ger des projections type gouttelette, une couche interne : le filtre pour la filtration microbienne, et une couche interne de confort en contact avec la peau. Les masques \u00a0sont emball\u00e9s individuellement respectant les directives gouvernementales.<\/span><\/p>\n<\/div><div class=\"separator-style-1 separator-style1-2\"><\/div><\/div><\/div><\/div><\/section><section class=\"vc_row wpb_row vc_row-fluid\"><div class=\"wpb_column vc_column_container col-xs-mobile-fullwidth vc_col-sm-6\"><div class=\"vc_column-inner\"><div class=\"wpb_wrapper\"><div class=\"separator-style-1 separator-style1-3\"><\/div><div class=\"text-block-content hongo-text-block-2 last-paragraph-no-margin\"><p><span class=\"JsGRdQ\">Matie\u0300res :<\/span><\/p>\n<p class=\"_04xlpA direction-ltr align-start para-style-body\"><span class=\"JsGRdQ\">1er pli : 25g\/m2 non tisse\u0301 (35%)<\/span><\/p>\n<p class=\"_04xlpA direction-ltr align-start para-style-body\"><span class=\"JsGRdQ\">2e\u0300me pli : 25g\/m2 melt-blown (30%)<\/span><\/p>\n<p class=\"_04xlpA direction-ltr align-start para-style-body\"><span class=\"JsGRdQ\">3e\u0300me pli : 25g\/m2 non tisse\u0301 (35%)<\/span><\/p>\n<p class=\"_04xlpA direction-ltr align-start para-style-body\"><span class=\"JsGRdQ\">Temps d\u2019utilisation recommande\u0301 : 4 heures<\/span><\/p>\n<p class=\"_04xlpA direction-ltr align-start para-style-body\"><span class=\"JsGRdQ\">Conservation des masques : 3 ans a\u0300 partir de la date de production<\/span><\/p>\n<p><span class=\"JsGRdQ\"><span style=\"vertical-align: inherit;\"><span style=\"vertical-align: inherit;\">Nombre de pi\u00e8ces par bo\u00eete: 50<\/span><\/span><\/span><span style=\"vertical-align: inherit;\"><span style=\"vertical-align: inherit;\"> [\/ vc_column_text] [\/ vc_column] <div class=\"wpb_column vc_column_container col-xs-mobile-fullwidth vc_col-sm-6\"><div class=\"vc_column-inner\"><div class=\"wpb_wrapper\"><\/div><\/div><\/div> <div class=\"separator-style-1 separator-style1-4\"><\/div>  <\/span><\/span><span class=\"JsGRdQ\"><span style=\"vertical-align: inherit;\"><span style=\"vertical-align: inherit;\">Test qualit\u00e9:<\/span><\/span><\/span><\/p>\n<p class=\"_04xlpA direction-ltr align-start para-style-body\"><span class=\"JsGRdQ\"><span style=\"vertical-align: inherit;\"><span style=\"vertical-align: inherit;\">OFEN% \u2265 95%<\/span><\/span><\/span><\/p>\n<p class=\"_04xlpA direction-ltr align-start para-style-body\"><span class=\"JsGRdQ\">Pression diff\u00e9rentielle (Pa\/cm2) \u2264 11<\/span><\/p>\n<p class=\"_04xlpA direction-ltr align-start para-style-body\"><span class=\"JsGRdQ\"><span style=\"vertical-align: inherit;\"><span style=\"vertical-align: inherit;\">UFC \/ g &lt;30<\/span><\/span><\/span><\/p>\n<p class=\"_04xlpA direction-ltr align-start para-style-body\"><span class=\"JsGRdQ\">Dimensions du produit : 17.5 x 9.5cm<\/span><\/p>\n<p><span class=\"JsGRdQ\">Nom du produit : masque \u00e0 usage civil &#8211; <\/span><span class=\"JsGRdQ\">Norme GB\/T 32610-2016 <\/span><span class=\"JsGRdQ\">classe B &#8211; \u00e9quivalente : <\/span><span class=\"JsGRdQ\">EN 149 :2001+A1 :2009 NR<\/span><\/p>\n<p><span class=\"JsGRdQ\">Stockage : entre 0\u00b0C et 30\u00b0C, entre de 45% et 75% d\u2019humidite\u0301<\/span><\/p>\n<\/div><\/div><\/div><\/div><\/section>\n<\/div>","protected":false},"excerpt":{"rendered":"<p style=\"text-align: left;\"><span style=\"color: #8d1315;\"><strong><a style=\"color: #8d1315;\" href=\"http:\/\/latelierdesprofessionnels.com\/index.php\/contactez-nous\/\">DEMANDEZ UN DEVIS<\/a><\/strong><\/span><\/p>\n<hr \/>\n<p class=\"_04xlpA direction-ltr align-justify para-style-body\"><span class=\"JsGRdQ\"><strong>Bo\u00eete de 50 masques<\/strong><\/span><\/p>\n<hr \/>\n<p class=\"_04xlpA direction-ltr align-justify para-style-body\"><span class=\"JsGRdQ\">Masque \u00e0 usage civil uniquement, non m\u00e9dical.<\/span><\/p>\n<p class=\"_04xlpA direction-ltr align-justify para-style-body\"><span class=\"JsGRdQ\">Ce masque facial jetable, de qualit\u00e9 sup\u00e9rieure, emp\u00eache les projections\u00a0et les pulv\u00e9risations \u00e9mis par les autres, comme les \u00e9ternuements et la toux,\u00a0de vous atteindre. Ces masques sont \u00e0 3 plis, respirants, inodores et hypoallerg\u00e9niques.<\/span><\/p>\n<p class=\"_04xlpA direction-ltr align-justify para-style-body\"><strong><span class=\"JsGRdQ\">Filtration bact\u00e9rienne (EFB) sup\u00e9rieure \u00e0 95%.<\/span><\/strong><\/p>\n","protected":false},"featured_media":99336,"comment_status":"open","ping_status":"closed","template":"","meta":[],"product_cat":[61],"product_tag":[92],"class_list":{"0":"post-99313","1":"product","2":"type-product","3":"status-publish","4":"has-post-thumbnail","6":"product_cat-hygiene-et-sante","7":"product_tag-masque","8":"product_shipping_class-masques","10":"first","11":"instock","12":"featured","13":"taxable","14":"shipping-taxable","15":"product-type-simple"},"yoast_head":"<!-- This site is optimized with the Yoast SEO plugin v25.5 - https:\/\/yoast.com\/wordpress\/plugins\/seo\/ -->\n<title>Masque \u00e0 usage civil | Bo\u00eete de 50 masques - L&#039;Atelier des Professionnels<\/title>\n<meta name=\"description\" content=\"Masque \u00e0 usage civil uniquement, non m\u00e9dical. Filtration bact\u00e9rienne (EFB) sup\u00e9rieure \u00e0 95%. Norme \u00e9quivalente\" \/>\n<meta name=\"robots\" content=\"index, follow, max-snippet:-1, max-image-preview:large, max-video-preview:-1\" \/>\n<link rel=\"canonical\" href=\"https:\/\/latelierdesprofessionnels.com\/index.php\/produit\/masque-civil-en149\/\" \/>\n<meta property=\"og:locale\" content=\"fr_FR\" \/>\n<meta property=\"og:type\" content=\"article\" \/>\n<meta property=\"og:title\" content=\"Masque \u00e0 usage civil | Bo\u00eete de 50 masques - L&#039;Atelier des Professionnels\" \/>\n<meta property=\"og:description\" content=\"Masque \u00e0 usage civil uniquement, non m\u00e9dical. Filtration bact\u00e9rienne (EFB) sup\u00e9rieure \u00e0 95%. Norme \u00e9quivalente\" \/>\n<meta property=\"og:url\" content=\"https:\/\/latelierdesprofessionnels.com\/index.php\/produit\/masque-civil-en149\/\" \/>\n<meta property=\"og:site_name\" content=\"L&#039;Atelier des Professionnels\" \/>\n<meta property=\"article:publisher\" content=\"https:\/\/www.facebook.com\/latelierdesprofessionnels\" \/>\n<meta property=\"article:modified_time\" content=\"2020-11-17T14:00:39+00:00\" \/>\n<meta property=\"og:image\" content=\"https:\/\/latelierdesprofessionnels.com\/wp-content\/uploads\/2020\/08\/1-1.png\" \/>\n\t<meta property=\"og:image:width\" content=\"800\" \/>\n\t<meta property=\"og:image:height\" content=\"675\" \/>\n\t<meta property=\"og:image:type\" content=\"image\/png\" \/>\n<meta name=\"twitter:card\" content=\"summary_large_image\" \/>\n<meta name=\"twitter:label1\" content=\"Dur\u00e9e de lecture estim\u00e9e\" \/>\n\t<meta name=\"twitter:data1\" content=\"1 minute\" \/>\n<script type=\"application\/ld+json\" class=\"yoast-schema-graph\">{\"@context\":\"https:\/\/schema.org\",\"@graph\":[{\"@type\":\"WebPage\",\"@id\":\"https:\/\/latelierdesprofessionnels.com\/index.php\/produit\/masque-civil-en149\/\",\"url\":\"https:\/\/latelierdesprofessionnels.com\/index.php\/produit\/masque-civil-en149\/\",\"name\":\"Masque \u00e0 usage civil | Bo\u00eete de 50 masques - L&#039;Atelier des Professionnels\",\"isPartOf\":{\"@id\":\"https:\/\/latelierdesprofessionnels.com\/#website\"},\"primaryImageOfPage\":{\"@id\":\"https:\/\/latelierdesprofessionnels.com\/index.php\/produit\/masque-civil-en149\/#primaryimage\"},\"image\":{\"@id\":\"https:\/\/latelierdesprofessionnels.com\/index.php\/produit\/masque-civil-en149\/#primaryimage\"},\"thumbnailUrl\":\"https:\/\/latelierdesprofessionnels.com\/wp-content\/uploads\/2020\/08\/1-1.png\",\"datePublished\":\"2020-08-12T10:17:15+00:00\",\"dateModified\":\"2020-11-17T14:00:39+00:00\",\"description\":\"Masque \u00e0 usage civil uniquement, non m\u00e9dical. Filtration bact\u00e9rienne (EFB) sup\u00e9rieure \u00e0 95%. Norme \u00e9quivalente\",\"breadcrumb\":{\"@id\":\"https:\/\/latelierdesprofessionnels.com\/index.php\/produit\/masque-civil-en149\/#breadcrumb\"},\"inLanguage\":\"fr-FR\",\"potentialAction\":[{\"@type\":\"ReadAction\",\"target\":[\"https:\/\/latelierdesprofessionnels.com\/index.php\/produit\/masque-civil-en149\/\"]}]},{\"@type\":\"ImageObject\",\"inLanguage\":\"fr-FR\",\"@id\":\"https:\/\/latelierdesprofessionnels.com\/index.php\/produit\/masque-civil-en149\/#primaryimage\",\"url\":\"https:\/\/latelierdesprofessionnels.com\/wp-content\/uploads\/2020\/08\/1-1.png\",\"contentUrl\":\"https:\/\/latelierdesprofessionnels.com\/wp-content\/uploads\/2020\/08\/1-1.png\",\"width\":800,\"height\":675,\"caption\":\"Masque \u00e0 usage civil\"},{\"@type\":\"BreadcrumbList\",\"@id\":\"https:\/\/latelierdesprofessionnels.com\/index.php\/produit\/masque-civil-en149\/#breadcrumb\",\"itemListElement\":[{\"@type\":\"ListItem\",\"position\":1,\"name\":\"Accueil\",\"item\":\"https:\/\/latelierdesprofessionnels.com\/\"},{\"@type\":\"ListItem\",\"position\":2,\"name\":\"Shop\",\"item\":\"https:\/\/latelierdesprofessionnels.com\/index.php\/shop\/\"},{\"@type\":\"ListItem\",\"position\":3,\"name\":\"Masque \u00e0 usage civil | Bo\u00eete de 50 masques\"}]},{\"@type\":\"WebSite\",\"@id\":\"https:\/\/latelierdesprofessionnels.com\/#website\",\"url\":\"https:\/\/latelierdesprofessionnels.com\/\",\"name\":\"L&#039;Atelier des Professionnels\",\"description\":\"Des \u00e9quipements \u00e0 la hauteur de votre expertise !\",\"publisher\":{\"@id\":\"https:\/\/latelierdesprofessionnels.com\/#organization\"},\"potentialAction\":[{\"@type\":\"SearchAction\",\"target\":{\"@type\":\"EntryPoint\",\"urlTemplate\":\"https:\/\/latelierdesprofessionnels.com\/?s={search_term_string}\"},\"query-input\":{\"@type\":\"PropertyValueSpecification\",\"valueRequired\":true,\"valueName\":\"search_term_string\"}}],\"inLanguage\":\"fr-FR\"},{\"@type\":\"Organization\",\"@id\":\"https:\/\/latelierdesprofessionnels.com\/#organization\",\"name\":\"L'Atelier Des Professionnels\",\"url\":\"https:\/\/latelierdesprofessionnels.com\/\",\"logo\":{\"@type\":\"ImageObject\",\"inLanguage\":\"fr-FR\",\"@id\":\"https:\/\/latelierdesprofessionnels.com\/#\/schema\/logo\/image\/\",\"url\":\"https:\/\/latelierdesprofessionnels.com\/wp-content\/uploads\/2020\/04\/Logo-LADP.png\",\"contentUrl\":\"https:\/\/latelierdesprofessionnels.com\/wp-content\/uploads\/2020\/04\/Logo-LADP.png\",\"width\":2546,\"height\":2097,\"caption\":\"L'Atelier Des Professionnels\"},\"image\":{\"@id\":\"https:\/\/latelierdesprofessionnels.com\/#\/schema\/logo\/image\/\"},\"sameAs\":[\"https:\/\/www.facebook.com\/latelierdesprofessionnels\",\"https:\/\/www.linkedin.com\/company\/66702233\/admin\/\"]}]}<\/script>\n<!-- \/ Yoast SEO plugin. -->","yoast_head_json":{"title":"Masque \u00e0 usage civil | Bo\u00eete de 50 masques - L&#039;Atelier des Professionnels","description":"Masque \u00e0 usage civil uniquement, non m\u00e9dical. Filtration bact\u00e9rienne (EFB) sup\u00e9rieure \u00e0 95%. Norme \u00e9quivalente","robots":{"index":"index","follow":"follow","max-snippet":"max-snippet:-1","max-image-preview":"max-image-preview:large","max-video-preview":"max-video-preview:-1"},"canonical":"https:\/\/latelierdesprofessionnels.com\/index.php\/produit\/masque-civil-en149\/","og_locale":"fr_FR","og_type":"article","og_title":"Masque \u00e0 usage civil | Bo\u00eete de 50 masques - L&#039;Atelier des Professionnels","og_description":"Masque \u00e0 usage civil uniquement, non m\u00e9dical. Filtration bact\u00e9rienne (EFB) sup\u00e9rieure \u00e0 95%. Norme \u00e9quivalente","og_url":"https:\/\/latelierdesprofessionnels.com\/index.php\/produit\/masque-civil-en149\/","og_site_name":"L&#039;Atelier des Professionnels","article_publisher":"https:\/\/www.facebook.com\/latelierdesprofessionnels","article_modified_time":"2020-11-17T14:00:39+00:00","og_image":[{"width":800,"height":675,"url":"https:\/\/latelierdesprofessionnels.com\/wp-content\/uploads\/2020\/08\/1-1.png","type":"image\/png"}],"twitter_card":"summary_large_image","twitter_misc":{"Dur\u00e9e de lecture estim\u00e9e":"1 minute"},"schema":{"@context":"https:\/\/schema.org","@graph":[{"@type":"WebPage","@id":"https:\/\/latelierdesprofessionnels.com\/index.php\/produit\/masque-civil-en149\/","url":"https:\/\/latelierdesprofessionnels.com\/index.php\/produit\/masque-civil-en149\/","name":"Masque \u00e0 usage civil | Bo\u00eete de 50 masques - L&#039;Atelier des Professionnels","isPartOf":{"@id":"https:\/\/latelierdesprofessionnels.com\/#website"},"primaryImageOfPage":{"@id":"https:\/\/latelierdesprofessionnels.com\/index.php\/produit\/masque-civil-en149\/#primaryimage"},"image":{"@id":"https:\/\/latelierdesprofessionnels.com\/index.php\/produit\/masque-civil-en149\/#primaryimage"},"thumbnailUrl":"https:\/\/latelierdesprofessionnels.com\/wp-content\/uploads\/2020\/08\/1-1.png","datePublished":"2020-08-12T10:17:15+00:00","dateModified":"2020-11-17T14:00:39+00:00","description":"Masque \u00e0 usage civil uniquement, non m\u00e9dical. Filtration bact\u00e9rienne (EFB) sup\u00e9rieure \u00e0 95%. Norme \u00e9quivalente","breadcrumb":{"@id":"https:\/\/latelierdesprofessionnels.com\/index.php\/produit\/masque-civil-en149\/#breadcrumb"},"inLanguage":"fr-FR","potentialAction":[{"@type":"ReadAction","target":["https:\/\/latelierdesprofessionnels.com\/index.php\/produit\/masque-civil-en149\/"]}]},{"@type":"ImageObject","inLanguage":"fr-FR","@id":"https:\/\/latelierdesprofessionnels.com\/index.php\/produit\/masque-civil-en149\/#primaryimage","url":"https:\/\/latelierdesprofessionnels.com\/wp-content\/uploads\/2020\/08\/1-1.png","contentUrl":"https:\/\/latelierdesprofessionnels.com\/wp-content\/uploads\/2020\/08\/1-1.png","width":800,"height":675,"caption":"Masque \u00e0 usage civil"},{"@type":"BreadcrumbList","@id":"https:\/\/latelierdesprofessionnels.com\/index.php\/produit\/masque-civil-en149\/#breadcrumb","itemListElement":[{"@type":"ListItem","position":1,"name":"Accueil","item":"https:\/\/latelierdesprofessionnels.com\/"},{"@type":"ListItem","position":2,"name":"Shop","item":"https:\/\/latelierdesprofessionnels.com\/index.php\/shop\/"},{"@type":"ListItem","position":3,"name":"Masque \u00e0 usage civil | Bo\u00eete de 50 masques"}]},{"@type":"WebSite","@id":"https:\/\/latelierdesprofessionnels.com\/#website","url":"https:\/\/latelierdesprofessionnels.com\/","name":"L&#039;Atelier des Professionnels","description":"Des \u00e9quipements \u00e0 la hauteur de votre expertise !","publisher":{"@id":"https:\/\/latelierdesprofessionnels.com\/#organization"},"potentialAction":[{"@type":"SearchAction","target":{"@type":"EntryPoint","urlTemplate":"https:\/\/latelierdesprofessionnels.com\/?s={search_term_string}"},"query-input":{"@type":"PropertyValueSpecification","valueRequired":true,"valueName":"search_term_string"}}],"inLanguage":"fr-FR"},{"@type":"Organization","@id":"https:\/\/latelierdesprofessionnels.com\/#organization","name":"L'Atelier Des Professionnels","url":"https:\/\/latelierdesprofessionnels.com\/","logo":{"@type":"ImageObject","inLanguage":"fr-FR","@id":"https:\/\/latelierdesprofessionnels.com\/#\/schema\/logo\/image\/","url":"https:\/\/latelierdesprofessionnels.com\/wp-content\/uploads\/2020\/04\/Logo-LADP.png","contentUrl":"https:\/\/latelierdesprofessionnels.com\/wp-content\/uploads\/2020\/04\/Logo-LADP.png","width":2546,"height":2097,"caption":"L'Atelier Des Professionnels"},"image":{"@id":"https:\/\/latelierdesprofessionnels.com\/#\/schema\/logo\/image\/"},"sameAs":["https:\/\/www.facebook.com\/latelierdesprofessionnels","https:\/\/www.linkedin.com\/company\/66702233\/admin\/"]}]}},"_links":{"self":[{"href":"https:\/\/latelierdesprofessionnels.com\/index.php\/wp-json\/wp\/v2\/product\/99313","targetHints":{"allow":["GET"]}}],"collection":[{"href":"https:\/\/latelierdesprofessionnels.com\/index.php\/wp-json\/wp\/v2\/product"}],"about":[{"href":"https:\/\/latelierdesprofessionnels.com\/index.php\/wp-json\/wp\/v2\/types\/product"}],"replies":[{"embeddable":true,"href":"https:\/\/latelierdesprofessionnels.com\/index.php\/wp-json\/wp\/v2\/comments?post=99313"}],"wp:featuredmedia":[{"embeddable":true,"href":"https:\/\/latelierdesprofessionnels.com\/index.php\/wp-json\/wp\/v2\/media\/99336"}],"wp:attachment":[{"href":"https:\/\/latelierdesprofessionnels.com\/index.php\/wp-json\/wp\/v2\/media?parent=99313"}],"wp:term":[{"taxonomy":"product_cat","embeddable":true,"href":"https:\/\/latelierdesprofessionnels.com\/index.php\/wp-json\/wp\/v2\/product_cat?post=99313"},{"taxonomy":"product_tag","embeddable":true,"href":"https:\/\/latelierdesprofessionnels.com\/index.php\/wp-json\/wp\/v2\/product_tag?post=99313"}],"curies":[{"name":"wp","href":"https:\/\/api.w.org\/{rel}","templated":true}]}}