{"id":99315,"date":"2020-08-12T13:49:07","date_gmt":"2020-08-12T11:49:07","guid":{"rendered":"http:\/\/latelierdesprofessionnels.com\/?post_type=product&#038;p=99315"},"modified":"2020-10-20T14:10:50","modified_gmt":"2020-10-20T12:10:50","slug":"masque-a-usage-civil-kn95","status":"publish","type":"product","link":"https:\/\/latelierdesprofessionnels.com\/index.php\/produit\/masque-a-usage-civil-kn95\/","title":{"rendered":"Masque \u00e0 usage civil KN95 | Bo\u00eete de 50 masques"},"content":{"rendered":"<div class=\"wpb-content-wrapper\"><section class=\"vc_row wpb_row vc_row-fluid\"><div class=\"wpb_column vc_column_container col-xs-mobile-fullwidth vc_col-sm-12\"><div class=\"vc_column-inner\"><div class=\"wpb_wrapper\"><div class=\"separator-style-1 separator-style1-1\"><\/div><div class=\"text-block-content hongo-text-block-1 last-paragraph-no-margin\"><p class=\"_04xlpA direction-ltr align-justify para-style-body\"><span class=\"JsGRdQ\">Masque \u00e0 usage civil uniquement, non m\u00e9dical.<\/span><\/p>\n<p class=\"_04xlpA direction-ltr align-justify para-style-body\"><span class=\"JsGRdQ\">Ces masques sont respirants, inodores et hypoallerg\u00e9niques.\u00a0\u00a0<\/span><\/p>\n<p class=\"_04xlpA direction-ltr align-justify para-style-body\"><span class=\"JsGRdQ\">Les masques \u00a0sont emball\u00e9s individuellement respectant les directives gouvernementales.<\/span><\/p>\n<\/div><div class=\"separator-style-1 separator-style1-2\"><\/div><\/div><\/div><\/div><\/section><section class=\"vc_row wpb_row vc_row-fluid\"><div class=\"wpb_column vc_column_container col-xs-mobile-fullwidth vc_col-sm-6\"><div class=\"vc_column-inner\"><div class=\"wpb_wrapper\"><div class=\"separator-style-1 separator-style1-3\"><\/div><div class=\"text-block-content hongo-text-block-2 last-paragraph-no-margin\"><div class=\"page\" title=\"Page 1\">\n<div class=\"section\">\n<div class=\"layoutArea\">\n<div class=\"column\">\n<p>Mati\u00e8res :<\/p>\n<p>44% non tisse\u0301, 28% melt-blown, 28% coton tisse\u0301 a\u0300 air chaud, sans latex et hypoallerge\u0300ne<\/p>\n<p>&#8211; Premie\u0300re couche : 50g\/m2 non tisse\u0301<\/p>\n<p>&#8211; Deuxie\u0300me couche : 25g\/m2 melt-blown<\/p>\n<p>&#8211; Troisie\u0300me couche : 40g\/m2 coton tisse\u0301 a\u0300 air chaud<\/p>\n<p>&#8211; Quatrie\u0300me couche : 25g\/m2 melt-blown<\/p>\n<p>&#8211; Cinquie\u0300me couche : 25g\/m2 non tisse\u0301<\/p>\n<\/div>\n<\/div>\n<\/div>\n<\/div>\n<p class=\"_04xlpA direction-ltr align-start para-style-body\"><span class=\"JsGRdQ\">Temps d\u2019utilisation recommande\u0301 : 8 heures<\/span><\/p>\n<p class=\"_04xlpA direction-ltr align-start para-style-body\"><span class=\"JsGRdQ\">Conservation des masques : 3 ans a\u0300 partir de la date de production<\/span><\/p>\n<p><span class=\"JsGRdQ\">Nombre de pie\u0300ces par boi\u0302te : 50<\/span><\/p>\n<\/div><\/div><\/div><\/div><div class=\"wpb_column vc_column_container col-xs-mobile-fullwidth vc_col-sm-6\"><div class=\"vc_column-inner\"><div class=\"wpb_wrapper\"><div class=\"separator-style-1 separator-style1-4\"><\/div><div class=\"text-block-content hongo-text-block-3 last-paragraph-no-margin\"><div class=\"page\" title=\"Page 1\">\n<div class=\"section\">\n<div class=\"layoutArea\">\n<div class=\"column\">\n<p>Test qualit\u00e9 :<\/p>\n<p>BFE% \u2265 95<br \/>\nRe\u0301sistance a\u0300 l\u2019inspiration \u2264 162.3 pa &#8211; Re\u0301sistance a\u0300 l\u2019expiration \u2264 110.4 pa<\/p>\n<p>Dimension du produit : 16 x 9cm<\/p>\n<p>Nom du produit : KN95 (GB 2626-2006)<\/p>\n<\/div>\n<\/div>\n<\/div>\n<\/div>\n<p class=\"_04xlpA direction-ltr align-start para-style-body\"><span class=\"JsGRdQ\">Norme CE : <\/span><span class=\"JsGRdQ\">EN 149:2001+A1:2009<\/span><\/p>\n<p><span class=\"JsGRdQ\">Stockage : entre 0\u00b0C et 30\u00b0C, entre de 45% et 75% d\u2019humidite\u0301<\/span><\/p>\n<\/div><\/div><\/div><\/div><\/section>\n<\/div>","protected":false},"excerpt":{"rendered":"<p class=\"_04xlpA direction-ltr align-justify para-style-body\"><span style=\"color: #8d1315;\"><a style=\"color: #8d1315;\" href=\"http:\/\/latelierdesprofessionnels.com\/index.php\/contactez-nous\/\"><strong>DEMANDEZ UN DEVIS<\/strong><\/a><\/span><\/p>\n<hr \/>\n<p class=\"_04xlpA direction-ltr align-justify para-style-body\"><strong><span class=\"JsGRdQ\">Bo\u00eete de 50 masques\u00a0<\/span><\/strong><\/p>\n<hr \/>\n<p class=\"_04xlpA direction-ltr align-justify para-style-body\"><strong><span class=\"JsGRdQ\">Masque \u00e0 usage civil uniquement, non m\u00e9dical.<\/span><\/strong><\/p>\n<p class=\"_04xlpA direction-ltr align-justify para-style-body\"><span class=\"JsGRdQ\">Ce masque facial jetable, de qualit\u00e9 sup\u00e9rieure, emp\u00eache les projections et les pulv\u00e9risations \u00e9mis par les autres, comme les \u00e9ternuements et la toux, de vous atteindre. Ces masques sont\u00a0 respirants, inodores et hypoallerg\u00e9niques.<\/span><\/p>\n<p class=\"_04xlpA direction-ltr align-justify para-style-body\"><strong><span class=\"JsGRdQ\">Filtration bact\u00e9rienne (EFB) sup\u00e9rieure \u00e0 95%.<\/span><\/strong><\/p>\n","protected":false},"featured_media":100044,"comment_status":"open","ping_status":"closed","template":"","meta":[],"product_cat":[61],"product_tag":[92],"class_list":{"0":"post-99315","1":"product","2":"type-product","3":"status-publish","4":"has-post-thumbnail","6":"product_cat-hygiene-et-sante","7":"product_tag-masque","8":"product_shipping_class-masques","10":"first","11":"instock","12":"featured","13":"taxable","14":"shipping-taxable","15":"product-type-simple"},"yoast_head":"<!-- This site is optimized with the Yoast SEO plugin v25.5 - https:\/\/yoast.com\/wordpress\/plugins\/seo\/ -->\n<title>Masque \u00e0 usage civil KN95 | Bo\u00eete de 50 masques - L&#039;Atelier des Professionnels<\/title>\n<meta name=\"description\" content=\"Masque KN95 \u00e0 usage civil uniquement, non m\u00e9dical. Filtration bact\u00e9rienne (EFB) sup\u00e9rieure \u00e0 95%. Norme CE : EN 149:2001+A1:2009\" \/>\n<meta name=\"robots\" content=\"index, follow, max-snippet:-1, max-image-preview:large, max-video-preview:-1\" \/>\n<link rel=\"canonical\" href=\"https:\/\/latelierdesprofessionnels.com\/index.php\/produit\/masque-a-usage-civil-kn95\/\" \/>\n<meta property=\"og:locale\" content=\"fr_FR\" \/>\n<meta property=\"og:type\" content=\"article\" \/>\n<meta property=\"og:title\" content=\"Masque \u00e0 usage civil KN95 | Bo\u00eete de 50 masques - L&#039;Atelier des Professionnels\" \/>\n<meta property=\"og:description\" content=\"Masque KN95 \u00e0 usage civil uniquement, non m\u00e9dical. Filtration bact\u00e9rienne (EFB) sup\u00e9rieure \u00e0 95%. Norme CE : EN 149:2001+A1:2009\" \/>\n<meta property=\"og:url\" content=\"https:\/\/latelierdesprofessionnels.com\/index.php\/produit\/masque-a-usage-civil-kn95\/\" \/>\n<meta property=\"og:site_name\" content=\"L&#039;Atelier des Professionnels\" \/>\n<meta property=\"article:publisher\" content=\"https:\/\/www.facebook.com\/latelierdesprofessionnels\" \/>\n<meta property=\"article:modified_time\" content=\"2020-10-20T12:10:50+00:00\" \/>\n<meta property=\"og:image\" content=\"https:\/\/latelierdesprofessionnels.com\/wp-content\/uploads\/2020\/08\/23.png\" \/>\n\t<meta property=\"og:image:width\" content=\"800\" \/>\n\t<meta property=\"og:image:height\" content=\"675\" \/>\n\t<meta property=\"og:image:type\" content=\"image\/png\" \/>\n<meta name=\"twitter:card\" content=\"summary_large_image\" \/>\n<meta name=\"twitter:label1\" content=\"Dur\u00e9e de lecture estim\u00e9e\" \/>\n\t<meta name=\"twitter:data1\" content=\"1 minute\" \/>\n<script type=\"application\/ld+json\" class=\"yoast-schema-graph\">{\"@context\":\"https:\/\/schema.org\",\"@graph\":[{\"@type\":\"WebPage\",\"@id\":\"https:\/\/latelierdesprofessionnels.com\/index.php\/produit\/masque-a-usage-civil-kn95\/\",\"url\":\"https:\/\/latelierdesprofessionnels.com\/index.php\/produit\/masque-a-usage-civil-kn95\/\",\"name\":\"Masque \u00e0 usage civil KN95 | Bo\u00eete de 50 masques - L&#039;Atelier des Professionnels\",\"isPartOf\":{\"@id\":\"https:\/\/latelierdesprofessionnels.com\/#website\"},\"primaryImageOfPage\":{\"@id\":\"https:\/\/latelierdesprofessionnels.com\/index.php\/produit\/masque-a-usage-civil-kn95\/#primaryimage\"},\"image\":{\"@id\":\"https:\/\/latelierdesprofessionnels.com\/index.php\/produit\/masque-a-usage-civil-kn95\/#primaryimage\"},\"thumbnailUrl\":\"https:\/\/latelierdesprofessionnels.com\/wp-content\/uploads\/2020\/08\/23.png\",\"datePublished\":\"2020-08-12T11:49:07+00:00\",\"dateModified\":\"2020-10-20T12:10:50+00:00\",\"description\":\"Masque KN95 \u00e0 usage civil uniquement, non m\u00e9dical. Filtration bact\u00e9rienne (EFB) sup\u00e9rieure \u00e0 95%. Norme CE : EN 149:2001+A1:2009\",\"breadcrumb\":{\"@id\":\"https:\/\/latelierdesprofessionnels.com\/index.php\/produit\/masque-a-usage-civil-kn95\/#breadcrumb\"},\"inLanguage\":\"fr-FR\",\"potentialAction\":[{\"@type\":\"ReadAction\",\"target\":[\"https:\/\/latelierdesprofessionnels.com\/index.php\/produit\/masque-a-usage-civil-kn95\/\"]}]},{\"@type\":\"ImageObject\",\"inLanguage\":\"fr-FR\",\"@id\":\"https:\/\/latelierdesprofessionnels.com\/index.php\/produit\/masque-a-usage-civil-kn95\/#primaryimage\",\"url\":\"https:\/\/latelierdesprofessionnels.com\/wp-content\/uploads\/2020\/08\/23.png\",\"contentUrl\":\"https:\/\/latelierdesprofessionnels.com\/wp-content\/uploads\/2020\/08\/23.png\",\"width\":800,\"height\":675},{\"@type\":\"BreadcrumbList\",\"@id\":\"https:\/\/latelierdesprofessionnels.com\/index.php\/produit\/masque-a-usage-civil-kn95\/#breadcrumb\",\"itemListElement\":[{\"@type\":\"ListItem\",\"position\":1,\"name\":\"Accueil\",\"item\":\"https:\/\/latelierdesprofessionnels.com\/\"},{\"@type\":\"ListItem\",\"position\":2,\"name\":\"Shop\",\"item\":\"https:\/\/latelierdesprofessionnels.com\/index.php\/shop\/\"},{\"@type\":\"ListItem\",\"position\":3,\"name\":\"Masque \u00e0 usage civil KN95 | Bo\u00eete de 50 masques\"}]},{\"@type\":\"WebSite\",\"@id\":\"https:\/\/latelierdesprofessionnels.com\/#website\",\"url\":\"https:\/\/latelierdesprofessionnels.com\/\",\"name\":\"L&#039;Atelier des Professionnels\",\"description\":\"Des \u00e9quipements \u00e0 la hauteur de votre expertise !\",\"publisher\":{\"@id\":\"https:\/\/latelierdesprofessionnels.com\/#organization\"},\"potentialAction\":[{\"@type\":\"SearchAction\",\"target\":{\"@type\":\"EntryPoint\",\"urlTemplate\":\"https:\/\/latelierdesprofessionnels.com\/?s={search_term_string}\"},\"query-input\":{\"@type\":\"PropertyValueSpecification\",\"valueRequired\":true,\"valueName\":\"search_term_string\"}}],\"inLanguage\":\"fr-FR\"},{\"@type\":\"Organization\",\"@id\":\"https:\/\/latelierdesprofessionnels.com\/#organization\",\"name\":\"L'Atelier Des Professionnels\",\"url\":\"https:\/\/latelierdesprofessionnels.com\/\",\"logo\":{\"@type\":\"ImageObject\",\"inLanguage\":\"fr-FR\",\"@id\":\"https:\/\/latelierdesprofessionnels.com\/#\/schema\/logo\/image\/\",\"url\":\"https:\/\/latelierdesprofessionnels.com\/wp-content\/uploads\/2020\/04\/Logo-LADP.png\",\"contentUrl\":\"https:\/\/latelierdesprofessionnels.com\/wp-content\/uploads\/2020\/04\/Logo-LADP.png\",\"width\":2546,\"height\":2097,\"caption\":\"L'Atelier Des Professionnels\"},\"image\":{\"@id\":\"https:\/\/latelierdesprofessionnels.com\/#\/schema\/logo\/image\/\"},\"sameAs\":[\"https:\/\/www.facebook.com\/latelierdesprofessionnels\",\"https:\/\/www.linkedin.com\/company\/66702233\/admin\/\"]}]}<\/script>\n<!-- \/ Yoast SEO plugin. -->","yoast_head_json":{"title":"Masque \u00e0 usage civil KN95 | Bo\u00eete de 50 masques - L&#039;Atelier des Professionnels","description":"Masque KN95 \u00e0 usage civil uniquement, non m\u00e9dical. Filtration bact\u00e9rienne (EFB) sup\u00e9rieure \u00e0 95%. Norme CE : EN 149:2001+A1:2009","robots":{"index":"index","follow":"follow","max-snippet":"max-snippet:-1","max-image-preview":"max-image-preview:large","max-video-preview":"max-video-preview:-1"},"canonical":"https:\/\/latelierdesprofessionnels.com\/index.php\/produit\/masque-a-usage-civil-kn95\/","og_locale":"fr_FR","og_type":"article","og_title":"Masque \u00e0 usage civil KN95 | Bo\u00eete de 50 masques - L&#039;Atelier des Professionnels","og_description":"Masque KN95 \u00e0 usage civil uniquement, non m\u00e9dical. Filtration bact\u00e9rienne (EFB) sup\u00e9rieure \u00e0 95%. Norme CE : EN 149:2001+A1:2009","og_url":"https:\/\/latelierdesprofessionnels.com\/index.php\/produit\/masque-a-usage-civil-kn95\/","og_site_name":"L&#039;Atelier des Professionnels","article_publisher":"https:\/\/www.facebook.com\/latelierdesprofessionnels","article_modified_time":"2020-10-20T12:10:50+00:00","og_image":[{"width":800,"height":675,"url":"https:\/\/latelierdesprofessionnels.com\/wp-content\/uploads\/2020\/08\/23.png","type":"image\/png"}],"twitter_card":"summary_large_image","twitter_misc":{"Dur\u00e9e de lecture estim\u00e9e":"1 minute"},"schema":{"@context":"https:\/\/schema.org","@graph":[{"@type":"WebPage","@id":"https:\/\/latelierdesprofessionnels.com\/index.php\/produit\/masque-a-usage-civil-kn95\/","url":"https:\/\/latelierdesprofessionnels.com\/index.php\/produit\/masque-a-usage-civil-kn95\/","name":"Masque \u00e0 usage civil KN95 | Bo\u00eete de 50 masques - L&#039;Atelier des Professionnels","isPartOf":{"@id":"https:\/\/latelierdesprofessionnels.com\/#website"},"primaryImageOfPage":{"@id":"https:\/\/latelierdesprofessionnels.com\/index.php\/produit\/masque-a-usage-civil-kn95\/#primaryimage"},"image":{"@id":"https:\/\/latelierdesprofessionnels.com\/index.php\/produit\/masque-a-usage-civil-kn95\/#primaryimage"},"thumbnailUrl":"https:\/\/latelierdesprofessionnels.com\/wp-content\/uploads\/2020\/08\/23.png","datePublished":"2020-08-12T11:49:07+00:00","dateModified":"2020-10-20T12:10:50+00:00","description":"Masque KN95 \u00e0 usage civil uniquement, non m\u00e9dical. Filtration bact\u00e9rienne (EFB) sup\u00e9rieure \u00e0 95%. Norme CE : EN 149:2001+A1:2009","breadcrumb":{"@id":"https:\/\/latelierdesprofessionnels.com\/index.php\/produit\/masque-a-usage-civil-kn95\/#breadcrumb"},"inLanguage":"fr-FR","potentialAction":[{"@type":"ReadAction","target":["https:\/\/latelierdesprofessionnels.com\/index.php\/produit\/masque-a-usage-civil-kn95\/"]}]},{"@type":"ImageObject","inLanguage":"fr-FR","@id":"https:\/\/latelierdesprofessionnels.com\/index.php\/produit\/masque-a-usage-civil-kn95\/#primaryimage","url":"https:\/\/latelierdesprofessionnels.com\/wp-content\/uploads\/2020\/08\/23.png","contentUrl":"https:\/\/latelierdesprofessionnels.com\/wp-content\/uploads\/2020\/08\/23.png","width":800,"height":675},{"@type":"BreadcrumbList","@id":"https:\/\/latelierdesprofessionnels.com\/index.php\/produit\/masque-a-usage-civil-kn95\/#breadcrumb","itemListElement":[{"@type":"ListItem","position":1,"name":"Accueil","item":"https:\/\/latelierdesprofessionnels.com\/"},{"@type":"ListItem","position":2,"name":"Shop","item":"https:\/\/latelierdesprofessionnels.com\/index.php\/shop\/"},{"@type":"ListItem","position":3,"name":"Masque \u00e0 usage civil KN95 | Bo\u00eete de 50 masques"}]},{"@type":"WebSite","@id":"https:\/\/latelierdesprofessionnels.com\/#website","url":"https:\/\/latelierdesprofessionnels.com\/","name":"L&#039;Atelier des Professionnels","description":"Des \u00e9quipements \u00e0 la hauteur de votre expertise !","publisher":{"@id":"https:\/\/latelierdesprofessionnels.com\/#organization"},"potentialAction":[{"@type":"SearchAction","target":{"@type":"EntryPoint","urlTemplate":"https:\/\/latelierdesprofessionnels.com\/?s={search_term_string}"},"query-input":{"@type":"PropertyValueSpecification","valueRequired":true,"valueName":"search_term_string"}}],"inLanguage":"fr-FR"},{"@type":"Organization","@id":"https:\/\/latelierdesprofessionnels.com\/#organization","name":"L'Atelier Des Professionnels","url":"https:\/\/latelierdesprofessionnels.com\/","logo":{"@type":"ImageObject","inLanguage":"fr-FR","@id":"https:\/\/latelierdesprofessionnels.com\/#\/schema\/logo\/image\/","url":"https:\/\/latelierdesprofessionnels.com\/wp-content\/uploads\/2020\/04\/Logo-LADP.png","contentUrl":"https:\/\/latelierdesprofessionnels.com\/wp-content\/uploads\/2020\/04\/Logo-LADP.png","width":2546,"height":2097,"caption":"L'Atelier Des Professionnels"},"image":{"@id":"https:\/\/latelierdesprofessionnels.com\/#\/schema\/logo\/image\/"},"sameAs":["https:\/\/www.facebook.com\/latelierdesprofessionnels","https:\/\/www.linkedin.com\/company\/66702233\/admin\/"]}]}},"_links":{"self":[{"href":"https:\/\/latelierdesprofessionnels.com\/index.php\/wp-json\/wp\/v2\/product\/99315","targetHints":{"allow":["GET"]}}],"collection":[{"href":"https:\/\/latelierdesprofessionnels.com\/index.php\/wp-json\/wp\/v2\/product"}],"about":[{"href":"https:\/\/latelierdesprofessionnels.com\/index.php\/wp-json\/wp\/v2\/types\/product"}],"replies":[{"embeddable":true,"href":"https:\/\/latelierdesprofessionnels.com\/index.php\/wp-json\/wp\/v2\/comments?post=99315"}],"wp:featuredmedia":[{"embeddable":true,"href":"https:\/\/latelierdesprofessionnels.com\/index.php\/wp-json\/wp\/v2\/media\/100044"}],"wp:attachment":[{"href":"https:\/\/latelierdesprofessionnels.com\/index.php\/wp-json\/wp\/v2\/media?parent=99315"}],"wp:term":[{"taxonomy":"product_cat","embeddable":true,"href":"https:\/\/latelierdesprofessionnels.com\/index.php\/wp-json\/wp\/v2\/product_cat?post=99315"},{"taxonomy":"product_tag","embeddable":true,"href":"https:\/\/latelierdesprofessionnels.com\/index.php\/wp-json\/wp\/v2\/product_tag?post=99315"}],"curies":[{"name":"wp","href":"https:\/\/api.w.org\/{rel}","templated":true}]}}