{"id":99995,"date":"2020-09-14T11:25:29","date_gmt":"2020-09-14T09:25:29","guid":{"rendered":"http:\/\/latelierdesprofessionnels.com\/?post_type=product&#038;p=99995"},"modified":"2020-10-01T10:58:57","modified_gmt":"2020-10-01T08:58:57","slug":"gilet-tactique-haute-visibilite-moka","status":"publish","type":"product","link":"https:\/\/latelierdesprofessionnels.com\/index.php\/produit\/gilet-tactique-haute-visibilite-moka\/","title":{"rendered":"GILET TACTIQUE HAUTE VISIBILIT\u00c9 MOKA"},"content":{"rendered":"<p><strong>Gilet tactique MOKA, haute visibilit\u00e9, nouvelle g\u00e9n\u00e9ration.<\/strong><\/p>\n<p>Le gilet tactique, jaune et de haute visibilit\u00e9,\u00a0<span class=\"s1\">en 20471 class 1.<\/span><\/p>\n<p class=\"p1\"><span class=\"s1\">Oeko tex <\/span><\/p>\n<p class=\"p1\"><span class=\"s1\">Taille\u00a0: Unique<\/span><\/p>\n<p class=\"p1\"><span class=\"s1\">100 % polyester oxford<\/span><\/p>\n<p class=\"p1\"><span class=\"s1\">Rev\u00eatement en polyur\u00e9thane imperm\u00e9abilisant<\/span><\/p>\n<p class=\"p1\"><span class=\"s1\">Bandes r\u00e9fl\u00e9chissantes devant et dos <\/span><\/p>\n<p class=\"p1\"><span class=\"s1\">Mati\u00e8res r\u00e9fl\u00e9chissantes <\/span><span class=\"s3\">EN 20471 Class1<\/span><\/p>\n<p>&nbsp;<\/p>\n","protected":false},"excerpt":{"rendered":"<p><a href=\"http:\/\/latelierdesprofessionnels.com\/index.php\/contactez-nous\/\"><strong>DEMANDEZ UN DEVIS<\/strong><\/a><\/p>\n<hr \/>\n<p><strong>Gilet tactique, haute visibilit\u00e9, nouvelle g\u00e9n\u00e9ration.<\/strong><\/p>\n<p>Le gilet tactique nouvelle g\u00e9n\u00e9ration, jaune et de haute visibilit\u00e9, dispose de nombreuses poches pratiques <span class=\"s1\">ferm\u00e9es par des scratch ou des pressions. <\/span><\/p>\n<p><span class=\"s1\">Il est \u00e9galement con\u00e7u d&rsquo;une <\/span><span class=\"s1\">poche pour ranger vos accessoires : lampe torche, stylo, radio, clefs\u2026<\/span><\/p>\n<p class=\"p1\"><span class=\"s1\">Fermeture \u00e0 glissi\u00e8re sur le devant, ce g<\/span><span class=\"s1\">ilet aux bandes r\u00e9fl\u00e9chissantes est ajustable sur les cot\u00e9s.<\/span><\/p>\n<p class=\"p1\"><span class=\"s1\">Les scratch, \u00e0 l&rsquo;avant et \u00e0 l&rsquo;arri\u00e8re,<span class=\"Apple-converted-space\">\u00a0 peuvent \u00eatre <\/span>personnalis\u00e9s par le nom de votre entreprise.<\/span><\/p>\n<p>&nbsp;<\/p>\n","protected":false},"featured_media":100029,"comment_status":"open","ping_status":"closed","template":"","meta":[],"product_cat":[62],"product_tag":[],"class_list":{"0":"post-99995","1":"product","2":"type-product","3":"status-publish","4":"has-post-thumbnail","6":"product_cat-securite","8":"first","9":"instock","10":"taxable","11":"shipping-taxable","12":"product-type-simple"},"yoast_head":"<!-- This site is optimized with the Yoast SEO plugin v25.5 - https:\/\/yoast.com\/wordpress\/plugins\/seo\/ -->\n<title>GILET TACTIQUE HAUTE VISIBILIT\u00c9 MOKA<\/title>\n<meta name=\"description\" content=\"Ce gilet tactique nouvelle g\u00e9n\u00e9ration, de haute visibilit\u00e9, dispose de nombreuses poches pratiques ferm\u00e9es par des scratch ou des pressions.\" \/>\n<meta name=\"robots\" content=\"index, follow, max-snippet:-1, max-image-preview:large, max-video-preview:-1\" \/>\n<link rel=\"canonical\" href=\"https:\/\/latelierdesprofessionnels.com\/index.php\/produit\/gilet-tactique-haute-visibilite-moka\/\" \/>\n<meta property=\"og:locale\" content=\"fr_FR\" \/>\n<meta property=\"og:type\" content=\"article\" \/>\n<meta property=\"og:title\" content=\"GILET TACTIQUE HAUTE VISIBILIT\u00c9 MOKA\" \/>\n<meta property=\"og:description\" content=\"Ce gilet tactique nouvelle g\u00e9n\u00e9ration, de haute visibilit\u00e9, dispose de nombreuses poches pratiques ferm\u00e9es par des scratch ou des pressions.\" \/>\n<meta property=\"og:url\" content=\"https:\/\/latelierdesprofessionnels.com\/index.php\/produit\/gilet-tactique-haute-visibilite-moka\/\" \/>\n<meta property=\"og:site_name\" content=\"L&#039;Atelier des Professionnels\" \/>\n<meta property=\"article:publisher\" content=\"https:\/\/www.facebook.com\/latelierdesprofessionnels\" \/>\n<meta property=\"article:modified_time\" content=\"2020-10-01T08:58:57+00:00\" \/>\n<meta property=\"og:image\" content=\"https:\/\/latelierdesprofessionnels.com\/wp-content\/uploads\/2020\/09\/13.png\" \/>\n\t<meta property=\"og:image:width\" content=\"800\" \/>\n\t<meta property=\"og:image:height\" content=\"1020\" \/>\n\t<meta property=\"og:image:type\" content=\"image\/png\" \/>\n<meta name=\"twitter:card\" content=\"summary_large_image\" \/>\n<script type=\"application\/ld+json\" class=\"yoast-schema-graph\">{\"@context\":\"https:\/\/schema.org\",\"@graph\":[{\"@type\":\"WebPage\",\"@id\":\"https:\/\/latelierdesprofessionnels.com\/index.php\/produit\/gilet-tactique-haute-visibilite-moka\/\",\"url\":\"https:\/\/latelierdesprofessionnels.com\/index.php\/produit\/gilet-tactique-haute-visibilite-moka\/\",\"name\":\"GILET TACTIQUE HAUTE VISIBILIT\u00c9 MOKA\",\"isPartOf\":{\"@id\":\"https:\/\/latelierdesprofessionnels.com\/#website\"},\"primaryImageOfPage\":{\"@id\":\"https:\/\/latelierdesprofessionnels.com\/index.php\/produit\/gilet-tactique-haute-visibilite-moka\/#primaryimage\"},\"image\":{\"@id\":\"https:\/\/latelierdesprofessionnels.com\/index.php\/produit\/gilet-tactique-haute-visibilite-moka\/#primaryimage\"},\"thumbnailUrl\":\"https:\/\/latelierdesprofessionnels.com\/wp-content\/uploads\/2020\/09\/13.png\",\"datePublished\":\"2020-09-14T09:25:29+00:00\",\"dateModified\":\"2020-10-01T08:58:57+00:00\",\"description\":\"Ce gilet tactique nouvelle g\u00e9n\u00e9ration, de haute visibilit\u00e9, dispose de nombreuses poches pratiques ferm\u00e9es par des scratch ou des pressions.\",\"breadcrumb\":{\"@id\":\"https:\/\/latelierdesprofessionnels.com\/index.php\/produit\/gilet-tactique-haute-visibilite-moka\/#breadcrumb\"},\"inLanguage\":\"fr-FR\",\"potentialAction\":[{\"@type\":\"ReadAction\",\"target\":[\"https:\/\/latelierdesprofessionnels.com\/index.php\/produit\/gilet-tactique-haute-visibilite-moka\/\"]}]},{\"@type\":\"ImageObject\",\"inLanguage\":\"fr-FR\",\"@id\":\"https:\/\/latelierdesprofessionnels.com\/index.php\/produit\/gilet-tactique-haute-visibilite-moka\/#primaryimage\",\"url\":\"https:\/\/latelierdesprofessionnels.com\/wp-content\/uploads\/2020\/09\/13.png\",\"contentUrl\":\"https:\/\/latelierdesprofessionnels.com\/wp-content\/uploads\/2020\/09\/13.png\",\"width\":800,\"height\":1020},{\"@type\":\"BreadcrumbList\",\"@id\":\"https:\/\/latelierdesprofessionnels.com\/index.php\/produit\/gilet-tactique-haute-visibilite-moka\/#breadcrumb\",\"itemListElement\":[{\"@type\":\"ListItem\",\"position\":1,\"name\":\"Accueil\",\"item\":\"https:\/\/latelierdesprofessionnels.com\/\"},{\"@type\":\"ListItem\",\"position\":2,\"name\":\"Shop\",\"item\":\"https:\/\/latelierdesprofessionnels.com\/index.php\/shop\/\"},{\"@type\":\"ListItem\",\"position\":3,\"name\":\"GILET TACTIQUE HAUTE VISIBILIT\u00c9 MOKA\"}]},{\"@type\":\"WebSite\",\"@id\":\"https:\/\/latelierdesprofessionnels.com\/#website\",\"url\":\"https:\/\/latelierdesprofessionnels.com\/\",\"name\":\"L&#039;Atelier des Professionnels\",\"description\":\"Des \u00e9quipements \u00e0 la hauteur de votre expertise !\",\"publisher\":{\"@id\":\"https:\/\/latelierdesprofessionnels.com\/#organization\"},\"potentialAction\":[{\"@type\":\"SearchAction\",\"target\":{\"@type\":\"EntryPoint\",\"urlTemplate\":\"https:\/\/latelierdesprofessionnels.com\/?s={search_term_string}\"},\"query-input\":{\"@type\":\"PropertyValueSpecification\",\"valueRequired\":true,\"valueName\":\"search_term_string\"}}],\"inLanguage\":\"fr-FR\"},{\"@type\":\"Organization\",\"@id\":\"https:\/\/latelierdesprofessionnels.com\/#organization\",\"name\":\"L'Atelier Des Professionnels\",\"url\":\"https:\/\/latelierdesprofessionnels.com\/\",\"logo\":{\"@type\":\"ImageObject\",\"inLanguage\":\"fr-FR\",\"@id\":\"https:\/\/latelierdesprofessionnels.com\/#\/schema\/logo\/image\/\",\"url\":\"https:\/\/latelierdesprofessionnels.com\/wp-content\/uploads\/2020\/04\/Logo-LADP.png\",\"contentUrl\":\"https:\/\/latelierdesprofessionnels.com\/wp-content\/uploads\/2020\/04\/Logo-LADP.png\",\"width\":2546,\"height\":2097,\"caption\":\"L'Atelier Des Professionnels\"},\"image\":{\"@id\":\"https:\/\/latelierdesprofessionnels.com\/#\/schema\/logo\/image\/\"},\"sameAs\":[\"https:\/\/www.facebook.com\/latelierdesprofessionnels\",\"https:\/\/www.linkedin.com\/company\/66702233\/admin\/\"]}]}<\/script>\n<!-- \/ Yoast SEO plugin. -->","yoast_head_json":{"title":"GILET TACTIQUE HAUTE VISIBILIT\u00c9 MOKA","description":"Ce gilet tactique nouvelle g\u00e9n\u00e9ration, de haute visibilit\u00e9, dispose de nombreuses poches pratiques ferm\u00e9es par des scratch ou des pressions.","robots":{"index":"index","follow":"follow","max-snippet":"max-snippet:-1","max-image-preview":"max-image-preview:large","max-video-preview":"max-video-preview:-1"},"canonical":"https:\/\/latelierdesprofessionnels.com\/index.php\/produit\/gilet-tactique-haute-visibilite-moka\/","og_locale":"fr_FR","og_type":"article","og_title":"GILET TACTIQUE HAUTE VISIBILIT\u00c9 MOKA","og_description":"Ce gilet tactique nouvelle g\u00e9n\u00e9ration, de haute visibilit\u00e9, dispose de nombreuses poches pratiques ferm\u00e9es par des scratch ou des pressions.","og_url":"https:\/\/latelierdesprofessionnels.com\/index.php\/produit\/gilet-tactique-haute-visibilite-moka\/","og_site_name":"L&#039;Atelier des Professionnels","article_publisher":"https:\/\/www.facebook.com\/latelierdesprofessionnels","article_modified_time":"2020-10-01T08:58:57+00:00","og_image":[{"width":800,"height":1020,"url":"https:\/\/latelierdesprofessionnels.com\/wp-content\/uploads\/2020\/09\/13.png","type":"image\/png"}],"twitter_card":"summary_large_image","schema":{"@context":"https:\/\/schema.org","@graph":[{"@type":"WebPage","@id":"https:\/\/latelierdesprofessionnels.com\/index.php\/produit\/gilet-tactique-haute-visibilite-moka\/","url":"https:\/\/latelierdesprofessionnels.com\/index.php\/produit\/gilet-tactique-haute-visibilite-moka\/","name":"GILET TACTIQUE HAUTE VISIBILIT\u00c9 MOKA","isPartOf":{"@id":"https:\/\/latelierdesprofessionnels.com\/#website"},"primaryImageOfPage":{"@id":"https:\/\/latelierdesprofessionnels.com\/index.php\/produit\/gilet-tactique-haute-visibilite-moka\/#primaryimage"},"image":{"@id":"https:\/\/latelierdesprofessionnels.com\/index.php\/produit\/gilet-tactique-haute-visibilite-moka\/#primaryimage"},"thumbnailUrl":"https:\/\/latelierdesprofessionnels.com\/wp-content\/uploads\/2020\/09\/13.png","datePublished":"2020-09-14T09:25:29+00:00","dateModified":"2020-10-01T08:58:57+00:00","description":"Ce gilet tactique nouvelle g\u00e9n\u00e9ration, de haute visibilit\u00e9, dispose de nombreuses poches pratiques ferm\u00e9es par des scratch ou des pressions.","breadcrumb":{"@id":"https:\/\/latelierdesprofessionnels.com\/index.php\/produit\/gilet-tactique-haute-visibilite-moka\/#breadcrumb"},"inLanguage":"fr-FR","potentialAction":[{"@type":"ReadAction","target":["https:\/\/latelierdesprofessionnels.com\/index.php\/produit\/gilet-tactique-haute-visibilite-moka\/"]}]},{"@type":"ImageObject","inLanguage":"fr-FR","@id":"https:\/\/latelierdesprofessionnels.com\/index.php\/produit\/gilet-tactique-haute-visibilite-moka\/#primaryimage","url":"https:\/\/latelierdesprofessionnels.com\/wp-content\/uploads\/2020\/09\/13.png","contentUrl":"https:\/\/latelierdesprofessionnels.com\/wp-content\/uploads\/2020\/09\/13.png","width":800,"height":1020},{"@type":"BreadcrumbList","@id":"https:\/\/latelierdesprofessionnels.com\/index.php\/produit\/gilet-tactique-haute-visibilite-moka\/#breadcrumb","itemListElement":[{"@type":"ListItem","position":1,"name":"Accueil","item":"https:\/\/latelierdesprofessionnels.com\/"},{"@type":"ListItem","position":2,"name":"Shop","item":"https:\/\/latelierdesprofessionnels.com\/index.php\/shop\/"},{"@type":"ListItem","position":3,"name":"GILET TACTIQUE HAUTE VISIBILIT\u00c9 MOKA"}]},{"@type":"WebSite","@id":"https:\/\/latelierdesprofessionnels.com\/#website","url":"https:\/\/latelierdesprofessionnels.com\/","name":"L&#039;Atelier des Professionnels","description":"Des \u00e9quipements \u00e0 la hauteur de votre expertise !","publisher":{"@id":"https:\/\/latelierdesprofessionnels.com\/#organization"},"potentialAction":[{"@type":"SearchAction","target":{"@type":"EntryPoint","urlTemplate":"https:\/\/latelierdesprofessionnels.com\/?s={search_term_string}"},"query-input":{"@type":"PropertyValueSpecification","valueRequired":true,"valueName":"search_term_string"}}],"inLanguage":"fr-FR"},{"@type":"Organization","@id":"https:\/\/latelierdesprofessionnels.com\/#organization","name":"L'Atelier Des Professionnels","url":"https:\/\/latelierdesprofessionnels.com\/","logo":{"@type":"ImageObject","inLanguage":"fr-FR","@id":"https:\/\/latelierdesprofessionnels.com\/#\/schema\/logo\/image\/","url":"https:\/\/latelierdesprofessionnels.com\/wp-content\/uploads\/2020\/04\/Logo-LADP.png","contentUrl":"https:\/\/latelierdesprofessionnels.com\/wp-content\/uploads\/2020\/04\/Logo-LADP.png","width":2546,"height":2097,"caption":"L'Atelier Des Professionnels"},"image":{"@id":"https:\/\/latelierdesprofessionnels.com\/#\/schema\/logo\/image\/"},"sameAs":["https:\/\/www.facebook.com\/latelierdesprofessionnels","https:\/\/www.linkedin.com\/company\/66702233\/admin\/"]}]}},"_links":{"self":[{"href":"https:\/\/latelierdesprofessionnels.com\/index.php\/wp-json\/wp\/v2\/product\/99995","targetHints":{"allow":["GET"]}}],"collection":[{"href":"https:\/\/latelierdesprofessionnels.com\/index.php\/wp-json\/wp\/v2\/product"}],"about":[{"href":"https:\/\/latelierdesprofessionnels.com\/index.php\/wp-json\/wp\/v2\/types\/product"}],"replies":[{"embeddable":true,"href":"https:\/\/latelierdesprofessionnels.com\/index.php\/wp-json\/wp\/v2\/comments?post=99995"}],"wp:featuredmedia":[{"embeddable":true,"href":"https:\/\/latelierdesprofessionnels.com\/index.php\/wp-json\/wp\/v2\/media\/100029"}],"wp:attachment":[{"href":"https:\/\/latelierdesprofessionnels.com\/index.php\/wp-json\/wp\/v2\/media?parent=99995"}],"wp:term":[{"taxonomy":"product_cat","embeddable":true,"href":"https:\/\/latelierdesprofessionnels.com\/index.php\/wp-json\/wp\/v2\/product_cat?post=99995"},{"taxonomy":"product_tag","embeddable":true,"href":"https:\/\/latelierdesprofessionnels.com\/index.php\/wp-json\/wp\/v2\/product_tag?post=99995"}],"curies":[{"name":"wp","href":"https:\/\/api.w.org\/{rel}","templated":true}]}}